{"id":9873,"date":"2023-05-10T19:03:35","date_gmt":"2023-05-10T17:03:35","guid":{"rendered":"https:\/\/www.dantik.es\/?post_type=product&#038;p=9873"},"modified":"2023-05-10T19:05:37","modified_gmt":"2023-05-10T17:05:37","slug":"pendientes-cortos-de-oro-blanco-y-brillantes-1-08cts","status":"publish","type":"product","link":"https:\/\/www.dantik.es\/en\/producto\/pendientes-cortos-de-oro-blanco-y-brillantes-1-08cts\/","title":{"rendered":"PENDIENTES CORTOS REDONDOS DE ORO BLANCO Y BRILLANTES 1.08CTS."},"content":{"rendered":"<p>Magn\u00edficos pendientes contempor\u00e1neos de dise\u00f1o redondo fabricados en Oro Blanco de 18kts. con pav\u00e9 circular de Diamantes talla brillante orlando tiras satelitales de brillantes.<\/p>\n","protected":false},"excerpt":{"rendered":"<p>Magn\u00edficos pendientes contempor\u00e1neos de dise\u00f1o redondo fabricados en Oro Blanco de 18kts. con pav\u00e9 circular de Diamantes talla brillante orlando tiras satelitales de brillantes.<\/p>\n","protected":false},"featured_media":9874,"comment_status":"closed","ping_status":"closed","template":"","meta":[],"translation":{"provider":"WPGlobus","version":"2.12.2","language":"en","enabled_languages":["es","en"],"languages":{"es":{"title":true,"content":true,"excerpt":false},"en":{"title":false,"content":false,"excerpt":false}}},"_links":{"self":[{"href":"https:\/\/www.dantik.es\/en\/wp-json\/wp\/v2\/product\/9873"}],"collection":[{"href":"https:\/\/www.dantik.es\/en\/wp-json\/wp\/v2\/product"}],"about":[{"href":"https:\/\/www.dantik.es\/en\/wp-json\/wp\/v2\/types\/product"}],"replies":[{"embeddable":true,"href":"https:\/\/www.dantik.es\/en\/wp-json\/wp\/v2\/comments?post=9873"}],"wp:featuredmedia":[{"embeddable":true,"href":"https:\/\/www.dantik.es\/en\/wp-json\/wp\/v2\/media\/9874"}],"wp:attachment":[{"href":"https:\/\/www.dantik.es\/en\/wp-json\/wp\/v2\/media?parent=9873"}],"curies":[{"name":"wp","href":"https:\/\/api.w.org\/{rel}","templated":true}]}}