{"id":9794,"date":"2023-04-13T19:01:08","date_gmt":"2023-04-13T17:01:08","guid":{"rendered":"https:\/\/www.dantik.es\/?post_type=product&#038;p=9794"},"modified":"2023-04-13T19:01:08","modified_gmt":"2023-04-13T17:01:08","slug":"alpina-alpiner-4-chronograph","status":"publish","type":"product","link":"https:\/\/www.dantik.es\/en\/producto\/alpina-alpiner-4-chronograph\/","title":{"rendered":"Alpina Alpiner 4 Chronograph"},"content":{"rendered":"<p>Otras caracter\u00edsticas \u00fatiles de este Alpina Alpiner 4, son las propiedades antimagn\u00e9ticas y antichoque con certificaci\u00f3n iso. El movimiento de cron\u00f3grafo autom\u00e1tico al-860 (basado en Sellita sw-500) est\u00e1 fabricado con hierro de bajo contenido en carbono y alojado dentro de una jaula de hierro blando que le proporciona una protecci\u00f3n de al menos 4.800 a\/m, tal y como exigen las normas iso 764. La caja de 44 mm tambi\u00e9n es resistente al agua hasta los 100 metros, y si piensa meterse en el agua con \u00e9l, le recomendamos el brazalete de acero en lugar de la correa de cocodrilo. Los pulsadores rectangulares complementan la curva de la caja y tienen un tacto agradable cuando se utilizan.<\/p>\n<p>Detalles del producto<br \/>\nOrigenSuiza<br \/>\n&#8211; Modelo: AL860X5AQ6<br \/>\n&#8211; Movimiento: Autom\u00e1tico<br \/>\n&#8211; Di\u00e1metro de la caja: 44 mm<br \/>\n&#8211; Material de la caja: Acero inoxidable<br \/>\n&#8211; Material de cristal: Zafiro<br \/>\n&#8211; Caso de vuelta: S\u00f3lido<br \/>\n&#8211; Color de la esfera: Negro<br \/>\n&#8211; Resistencia al agua: 100M<\/p>\n","protected":false},"excerpt":{"rendered":"<p>Fabuloso reloj Alp\u00ecna modelo Alpiner 4 cron\u00f3grafo fabricado en acero. Revisado y certificado con 12 meses de garant\u00eda.<\/p>\n","protected":false},"featured_media":9795,"comment_status":"closed","ping_status":"closed","template":"","meta":[],"translation":{"provider":"WPGlobus","version":"2.12.2","language":"en","enabled_languages":["es","en"],"languages":{"es":{"title":true,"content":true,"excerpt":true},"en":{"title":false,"content":false,"excerpt":false}}},"_links":{"self":[{"href":"https:\/\/www.dantik.es\/en\/wp-json\/wp\/v2\/product\/9794"}],"collection":[{"href":"https:\/\/www.dantik.es\/en\/wp-json\/wp\/v2\/product"}],"about":[{"href":"https:\/\/www.dantik.es\/en\/wp-json\/wp\/v2\/types\/product"}],"replies":[{"embeddable":true,"href":"https:\/\/www.dantik.es\/en\/wp-json\/wp\/v2\/comments?post=9794"}],"wp:featuredmedia":[{"embeddable":true,"href":"https:\/\/www.dantik.es\/en\/wp-json\/wp\/v2\/media\/9795"}],"wp:attachment":[{"href":"https:\/\/www.dantik.es\/en\/wp-json\/wp\/v2\/media?parent=9794"}],"curies":[{"name":"wp","href":"https:\/\/api.w.org\/{rel}","templated":true}]}}