{"id":9767,"date":"2023-04-13T18:30:55","date_gmt":"2023-04-13T16:30:55","guid":{"rendered":"https:\/\/www.dantik.es\/?post_type=product&#038;p=9767"},"modified":"2023-04-13T18:30:55","modified_gmt":"2023-04-13T16:30:55","slug":"tag-heuer-aquaracer-300m-chrono","status":"publish","type":"product","link":"https:\/\/www.dantik.es\/en\/producto\/tag-heuer-aquaracer-300m-chrono\/","title":{"rendered":"TAG Heuer Aquaracer 300M Chrono."},"content":{"rendered":"<p>RELOJ. en perfecto estado de conservaci\u00f3n y funcionamiento de colecci\u00f3n privada. Pr\u00e1cticamente sin uso.<br \/>\n12-meses de garant\u00eda.<br \/>\nDESCRIPCI\u00d3N<br \/>\nTAG Heuer Calibre 16, fabricado en Suiza. Calibre autom\u00e1tico.<\/p>\n<p>Di\u00e1metro: 30,40 mm (13 \u00bc&#8221;) &#8211; 25 rub\u00edes. Correcci\u00f3n r\u00e1pida del calendario.<\/p>\n<p>PRESTACIONES T\u00c9CNICAS<br \/>\nFrecuencia de oscilaci\u00f3n del volante: 28 800 alternancias\/hora (4 Hz).<br \/>\nReserva de marcha: 42&amp;nbsp;horas aprox.<\/p>\n","protected":false},"excerpt":{"rendered":"<p>Reloj Tag Heuer Aquaracer 300 en perfecto estado con caja y papeles originales. Revisado y certificado con 12 meses de garant\u00eda.<\/p>\n","protected":false},"featured_media":9768,"comment_status":"closed","ping_status":"closed","template":"","meta":[],"translation":{"provider":"WPGlobus","version":"2.12.2","language":"en","enabled_languages":["es","en"],"languages":{"es":{"title":true,"content":true,"excerpt":true},"en":{"title":false,"content":false,"excerpt":false}}},"_links":{"self":[{"href":"https:\/\/www.dantik.es\/en\/wp-json\/wp\/v2\/product\/9767"}],"collection":[{"href":"https:\/\/www.dantik.es\/en\/wp-json\/wp\/v2\/product"}],"about":[{"href":"https:\/\/www.dantik.es\/en\/wp-json\/wp\/v2\/types\/product"}],"replies":[{"embeddable":true,"href":"https:\/\/www.dantik.es\/en\/wp-json\/wp\/v2\/comments?post=9767"}],"wp:featuredmedia":[{"embeddable":true,"href":"https:\/\/www.dantik.es\/en\/wp-json\/wp\/v2\/media\/9768"}],"wp:attachment":[{"href":"https:\/\/www.dantik.es\/en\/wp-json\/wp\/v2\/media?parent=9767"}],"curies":[{"name":"wp","href":"https:\/\/api.w.org\/{rel}","templated":true}]}}