{"id":9749,"date":"2023-04-13T18:07:20","date_gmt":"2023-04-13T16:07:20","guid":{"rendered":"https:\/\/www.dantik.es\/?post_type=product&#038;p=9749"},"modified":"2023-04-13T18:07:20","modified_gmt":"2023-04-13T16:07:20","slug":"tag-heuer-carrera-calibre16","status":"publish","type":"product","link":"https:\/\/www.dantik.es\/en\/producto\/tag-heuer-carrera-calibre16\/","title":{"rendered":"TAG Heuer Carrera, calibre 16."},"content":{"rendered":"<p>Reloj en perfecto estado con un a\u00f1o de garant\u00eda.<br \/>\nTodos los movimientos autom\u00e1ticos de TAG Heuer est\u00e1n fabricados en Suiza y deben cumplir exigentes criterios en materia de precisi\u00f3n para que usted los pueda lucir en la mu\u00f1eca. Su alta frecuencia garantiza una precisi\u00f3n mec\u00e1nica excelente. Muchos de los movimientos autom\u00e1ticos de TAG Heuer cuentan con la certificaci\u00f3n del Control Oficial Suizo de Cron\u00f3metros (COSC), el reconocimiento definitivo de su precisi\u00f3n y fiabilidad.<\/p>\n<p>DESCRIPCI\u00d3N<br \/>\nTAG Heuer Calibre 16, fabricado en Suiza. Calibre autom\u00e1tico.<\/p>\n<p>Di\u00e1metro: 30,40 mm (13 \u00bc&#8221;) &#8211; 25 rub\u00edes. Correcci\u00f3n r\u00e1pida del calendario.<\/p>\n<p>PRESTACIONES T\u00c9CNICAS<br \/>\nFrecuencia de oscilaci\u00f3n del volante: 28 800 alternancias\/hora (4 Hz).<\/p>\n<p>Reserva de marcha: 42&amp;nbsp;horas aprox.<\/p>\n<p>INDICACIONES<br \/>\nHoras \u2014 minutos \u2014 segundero peque\u00f1o a las 9. Contador del cron\u00f3grafo: horas &#8211; minutos.<\/p>\n<p>Contador de segundos central. Ventanilla de calendario.<\/p>\n<p>DECORACI\u00d3N<br \/>\nMasa oscilante: &#8220;C\u00f4tes de Gen\u00e8ve&#8221;* e inscripci\u00f3n &#8220;TAG Heuer \u2014 Calibre 16 \u2014 Swiss Made&#8221; grabada.<\/p>\n","protected":false},"excerpt":{"rendered":"<p>Reloj Tag Heuer Carrera con el m\u00edtico movimiento autom\u00e1tico Calibre 16 full set. Revisado y certificado con 12 meses de garant\u00eda.<\/p>\n","protected":false},"featured_media":9750,"comment_status":"closed","ping_status":"closed","template":"","meta":[],"translation":{"provider":"WPGlobus","version":"2.12.2","language":"en","enabled_languages":["es","en"],"languages":{"es":{"title":true,"content":true,"excerpt":true},"en":{"title":false,"content":false,"excerpt":false}}},"_links":{"self":[{"href":"https:\/\/www.dantik.es\/en\/wp-json\/wp\/v2\/product\/9749"}],"collection":[{"href":"https:\/\/www.dantik.es\/en\/wp-json\/wp\/v2\/product"}],"about":[{"href":"https:\/\/www.dantik.es\/en\/wp-json\/wp\/v2\/types\/product"}],"replies":[{"embeddable":true,"href":"https:\/\/www.dantik.es\/en\/wp-json\/wp\/v2\/comments?post=9749"}],"wp:featuredmedia":[{"embeddable":true,"href":"https:\/\/www.dantik.es\/en\/wp-json\/wp\/v2\/media\/9750"}],"wp:attachment":[{"href":"https:\/\/www.dantik.es\/en\/wp-json\/wp\/v2\/media?parent=9749"}],"curies":[{"name":"wp","href":"https:\/\/api.w.org\/{rel}","templated":true}]}}