{"id":9741,"date":"2023-04-13T17:49:33","date_gmt":"2023-04-13T15:49:33","guid":{"rendered":"https:\/\/www.dantik.es\/?post_type=product&#038;p=9741"},"modified":"2023-04-13T17:49:33","modified_gmt":"2023-04-13T15:49:33","slug":"omega-vintage-automatic-date-solid-18kt-gold","status":"publish","type":"product","link":"https:\/\/www.dantik.es\/en\/producto\/omega-vintage-automatic-date-solid-18kt-gold\/","title":{"rendered":"Omega Vintage Automatic Date Solid 18kt gold"},"content":{"rendered":"<p>Reloj Omega Vintage con caja de Oro amarillo de 18kt y correa de piel azul que carga el movimiento autom\u00e1tico calibre Omega 562 de fabricaci\u00f3n suiza de 24 joyas que se encontr\u00f3 en varios modelos desde finales de los a\u00f1os cincuenta hasta los sesenta. Este calibre antiguo tiene el color de tono de cobre caracter\u00edstico de Omega (no dorado) y cuenta con un sistema regulador estilo cuello de cisne.<br \/>\nSe caracteriza por su fiabilidad y robustez, otorgando al conjunto una puesta en marcha con mucha personalidad y calidad.<br \/>\nLa pieza se encuentra en perfecto estado de funcionamiento y con componentes originales lo que le otorga un plus de exclusividad por su poco uso y condiciones generales optimas.<\/p>\n","protected":false},"excerpt":{"rendered":"<p>Reloj autom\u00e1tico Omega Vintage fabricado en Oro amarillo de 18kt y correa de piel azul, en muy buen estado. Revisado y certificado con 6 meses de garant\u00eda.<\/p>\n","protected":false},"featured_media":9742,"comment_status":"closed","ping_status":"closed","template":"","meta":[],"translation":{"provider":"WPGlobus","version":"2.12.2","language":"en","enabled_languages":["es","en"],"languages":{"es":{"title":true,"content":true,"excerpt":true},"en":{"title":false,"content":false,"excerpt":false}}},"_links":{"self":[{"href":"https:\/\/www.dantik.es\/en\/wp-json\/wp\/v2\/product\/9741"}],"collection":[{"href":"https:\/\/www.dantik.es\/en\/wp-json\/wp\/v2\/product"}],"about":[{"href":"https:\/\/www.dantik.es\/en\/wp-json\/wp\/v2\/types\/product"}],"replies":[{"embeddable":true,"href":"https:\/\/www.dantik.es\/en\/wp-json\/wp\/v2\/comments?post=9741"}],"wp:featuredmedia":[{"embeddable":true,"href":"https:\/\/www.dantik.es\/en\/wp-json\/wp\/v2\/media\/9742"}],"wp:attachment":[{"href":"https:\/\/www.dantik.es\/en\/wp-json\/wp\/v2\/media?parent=9741"}],"curies":[{"name":"wp","href":"https:\/\/api.w.org\/{rel}","templated":true}]}}