{"id":9721,"date":"2023-04-13T14:00:55","date_gmt":"2023-04-13T12:00:55","guid":{"rendered":"https:\/\/www.dantik.es\/?post_type=product&#038;p=9721"},"modified":"2023-04-13T14:00:55","modified_gmt":"2023-04-13T12:00:55","slug":"omega-speedmaster-mark-iv-mesh-bracelet-day-date-42mm-calibre-104","status":"publish","type":"product","link":"https:\/\/www.dantik.es\/en\/producto\/omega-speedmaster-mark-iv-mesh-bracelet-day-date-42mm-calibre-104\/","title":{"rendered":"Omega Speedmaster Mark IV Mesh Bracelet Day date, 42mm calibre 104"},"content":{"rendered":"<p>Estupendo reloj Omega Speedmaster Mark 4.5, de acero, con esfera negra, movimiento autom\u00e1tico, tapa a rosca, con malla milanesa de acero en perfecto estado de conservaci\u00f3n, muy bonita y dif\u00edcil de encontrar en este estado . Este cron\u00f3grafo carga el m\u00edtico y robusto movimiento autom\u00e1tico, Lemania 5100 cuyas caracter\u00edsticas t\u00e9cnicas son las siguientes:<br \/>\nCaracter\u00edsticas t\u00e9cnicas: Cron\u00f3grafo autom\u00e1tico de 60s central, 60min central, 12h a las 6 y rueda de pilares en su interior con la particularidad de que el contador de minutos del cron\u00f3grafo se realiza por una aguja central situada por debajo de la segundera. Segundero horario peque\u00f1o a las 9 y cambio r\u00e1pido de d\u00eda y fecha, con indicaci\u00f3n de 24 horas y parada horaria al extraer la corona a la segunda posici\u00f3n.<br \/>\nTiene un di\u00e1metro de 31mm, y una altura de 8.2mm 17 rub\u00edes y 28800 A\/h con una reserva de marcha estimada de 48 horas<\/p>\n<p>&nbsp;<\/p>\n","protected":false},"excerpt":{"rendered":"<p>Reloj Omega Speedmaster Mark IV en perfecto estado de conservaci\u00f3n con raro brazalete original. Revisado y certificado con 6 meses de garant\u00eda.<\/p>\n","protected":false},"featured_media":9722,"comment_status":"closed","ping_status":"closed","template":"","meta":[],"translation":{"provider":"WPGlobus","version":"2.12.2","language":"en","enabled_languages":["es","en"],"languages":{"es":{"title":true,"content":true,"excerpt":true},"en":{"title":false,"content":false,"excerpt":false}}},"_links":{"self":[{"href":"https:\/\/www.dantik.es\/en\/wp-json\/wp\/v2\/product\/9721"}],"collection":[{"href":"https:\/\/www.dantik.es\/en\/wp-json\/wp\/v2\/product"}],"about":[{"href":"https:\/\/www.dantik.es\/en\/wp-json\/wp\/v2\/types\/product"}],"replies":[{"embeddable":true,"href":"https:\/\/www.dantik.es\/en\/wp-json\/wp\/v2\/comments?post=9721"}],"wp:featuredmedia":[{"embeddable":true,"href":"https:\/\/www.dantik.es\/en\/wp-json\/wp\/v2\/media\/9722"}],"wp:attachment":[{"href":"https:\/\/www.dantik.es\/en\/wp-json\/wp\/v2\/media?parent=9721"}],"curies":[{"name":"wp","href":"https:\/\/api.w.org\/{rel}","templated":true}]}}