{"id":9711,"date":"2023-04-13T13:27:33","date_gmt":"2023-04-13T11:27:33","guid":{"rendered":"https:\/\/www.dantik.es\/?post_type=product&#038;p=9711"},"modified":"2023-04-18T12:32:30","modified_gmt":"2023-04-18T10:32:30","slug":"universal-geneve-polerouter","status":"publish","type":"product","link":"https:\/\/www.dantik.es\/en\/producto\/universal-geneve-polerouter\/","title":{"rendered":"Universal Gen\u00e8ve Polerouter"},"content":{"rendered":"<p>Este Universal Gen\u00e8ve Polerouter, ha pasado revisi\u00f3n y se encuentra en buenas condiciones de funcionamiento con todas sus piezas originales a excepci\u00f3n de la tapa trasera que ha sido parcialmente pulida para eliminar inscripci\u00f3n, montando el excepcional calibre autom\u00e1tico con microrotor de Universal Gen\u00e8ve 215.<\/p>\n<p>A principios de los a\u00f1os cincuenta, Universal Gen\u00e8ve ide\u00f3, paralelamente a la Buren Watch Company, un sistema de cuerda autom\u00e1tica radicalmente nuevo: el Microtor con su masa de rotor incorporada. La patente del dise\u00f1o t\u00e9cnico se solicit\u00f3 el 27 de mayo de 1955 y, despu\u00e9s de algunos problemas legales, se registr\u00f3 el 15 de mayo de 1958 con el n.\u00ba 329805. Por lo tanto, los movimientos de los primeros a\u00f1os de producci\u00f3n est\u00e1n firmados &#8220;Derechos de patente pendientes&#8221; debajo del rotor. El primer movimiento introducido en la primavera de 1955 fue el cal. 215. El rotor enrolla el resorte principal en ambas direcciones, lo que permite almacenar m\u00e1s energ\u00eda. Las principales caracter\u00edsticas son: 28,0 mm de di\u00e1metro, 4,1 mm de altura, 18.000 vibraciones por hora, 28 rub\u00edes. El volante est\u00e1 protegido con antichoque Incabloc. La espiral Nivarox plana autocompensada es de color azul. La rueda de escape est\u00e1 equipada con una protecci\u00f3n contra impactos Gyrocap. El regulador es muy corto y tiene forma de flecha; desde 1958 se utiliz\u00f3 un regulador de forma alargada. La reserva de marcha de 60 horas es excepcionalmente alta. El rotor est\u00e1 chapado en oro rosa con un acabado &#8220;Colimaconnage&#8221;, el movimiento est\u00e1 rodiado con una fina decoraci\u00f3n &#8220;Fausses cotes de Gen\u00e8ve&#8221;.<\/p>\n","protected":false},"excerpt":{"rendered":"<p>Reloj Universal Geneve Polerouter con micro-rotor de carga autom\u00e1tica. Revisado y certificado con 6 meses de garant\u00eda.<\/p>\n","protected":false},"featured_media":9712,"comment_status":"closed","ping_status":"closed","template":"","meta":[],"translation":{"provider":"WPGlobus","version":"2.12.2","language":"en","enabled_languages":["es","en"],"languages":{"es":{"title":true,"content":true,"excerpt":true},"en":{"title":false,"content":false,"excerpt":false}}},"_links":{"self":[{"href":"https:\/\/www.dantik.es\/en\/wp-json\/wp\/v2\/product\/9711"}],"collection":[{"href":"https:\/\/www.dantik.es\/en\/wp-json\/wp\/v2\/product"}],"about":[{"href":"https:\/\/www.dantik.es\/en\/wp-json\/wp\/v2\/types\/product"}],"replies":[{"embeddable":true,"href":"https:\/\/www.dantik.es\/en\/wp-json\/wp\/v2\/comments?post=9711"}],"wp:featuredmedia":[{"embeddable":true,"href":"https:\/\/www.dantik.es\/en\/wp-json\/wp\/v2\/media\/9712"}],"wp:attachment":[{"href":"https:\/\/www.dantik.es\/en\/wp-json\/wp\/v2\/media?parent=9711"}],"curies":[{"name":"wp","href":"https:\/\/api.w.org\/{rel}","templated":true}]}}