{"id":9703,"date":"2023-04-13T13:15:18","date_gmt":"2023-04-13T11:15:18","guid":{"rendered":"https:\/\/www.dantik.es\/?post_type=product&#038;p=9703"},"modified":"2023-04-13T13:15:18","modified_gmt":"2023-04-13T11:15:18","slug":"universal-geneve-monodatic-solid-gold","status":"publish","type":"product","link":"https:\/\/www.dantik.es\/en\/producto\/universal-geneve-monodatic-solid-gold\/","title":{"rendered":"Universal Gen\u00e8ve Monodatic Solid Gold"},"content":{"rendered":"<p>Universal Gen\u00e8ve en oro de 18 quilates, autom\u00e1tico de martillo con segundero peque\u00f1o Ref. 100105, que apareci\u00f3 en los a\u00f1os 50. Alberga el calibre autom\u00e1tico Bumper ug 138C con 17 rub\u00edes, que late a una frecuencia de 18.000 vph y tiene una reserva de marcha de 36 horas. Su caja de oro amarillo de 18 quilates mide 35,5 mm sin la corona. Se vende con nuestra caja y un certificado, as\u00ed como con una garant\u00eda de 6 meses. La pieza esta en estado original con peque\u00f1as imperfecciones en la esfera.<\/p>\n<p>Calibre Universal Geneve Bumper URG 138.<br \/>\nuniversal 138<\/p>\n<p>Caracter\u00edsticas<br \/>\nautom\u00e1tico (parachoques)<br \/>\nsegundo sub<\/p>\n<p>Datos<br \/>\n12,5&#8221;, di\u00e1metro = 28,2 mm<br \/>\nalto = 4,8 mm<br \/>\n17 joyas<br \/>\nf = 18000A\/h<br \/>\nreserva de marcha 36h<\/p>\n","protected":false},"excerpt":{"rendered":"<p>Reloj autom\u00e1tico Universal Geneve Modelo Monodatic fabricado en Oro de 18kt. Revisado y certificado con 6 meses de garant\u00eda.<\/p>\n","protected":false},"featured_media":9704,"comment_status":"closed","ping_status":"closed","template":"","meta":[],"translation":{"provider":"WPGlobus","version":"2.12.2","language":"en","enabled_languages":["es","en"],"languages":{"es":{"title":true,"content":true,"excerpt":true},"en":{"title":false,"content":false,"excerpt":false}}},"_links":{"self":[{"href":"https:\/\/www.dantik.es\/en\/wp-json\/wp\/v2\/product\/9703"}],"collection":[{"href":"https:\/\/www.dantik.es\/en\/wp-json\/wp\/v2\/product"}],"about":[{"href":"https:\/\/www.dantik.es\/en\/wp-json\/wp\/v2\/types\/product"}],"replies":[{"embeddable":true,"href":"https:\/\/www.dantik.es\/en\/wp-json\/wp\/v2\/comments?post=9703"}],"wp:featuredmedia":[{"embeddable":true,"href":"https:\/\/www.dantik.es\/en\/wp-json\/wp\/v2\/media\/9704"}],"wp:attachment":[{"href":"https:\/\/www.dantik.es\/en\/wp-json\/wp\/v2\/media?parent=9703"}],"curies":[{"name":"wp","href":"https:\/\/api.w.org\/{rel}","templated":true}]}}