{"id":9694,"date":"2023-04-13T12:33:30","date_gmt":"2023-04-13T10:33:30","guid":{"rendered":"https:\/\/www.dantik.es\/?post_type=product&#038;p=9694"},"modified":"2023-04-13T12:33:30","modified_gmt":"2023-04-13T10:33:30","slug":"jaeger-lecoultre-vintage-18kt","status":"publish","type":"product","link":"https:\/\/www.dantik.es\/en\/producto\/jaeger-lecoultre-vintage-18kt\/","title":{"rendered":"Jaeger-LeCoultre Vintage 18kt"},"content":{"rendered":"<p>Reloj en muy buen estado general, con inscripci\u00f3n que podemos eliminar en el caso de que usted lo desee. Adem\u00e1s de ser una bonita pieza de colecci\u00f3n por su caracter\u00edstico calibre y esfera rectangular de dise\u00f1o poco habitual, este Jaeger LeCoultre Vintage ha pasado revisi\u00f3n en nuestro relojero que confirma el estado original de todas sus partes y un perfecto funcionamiento, del calibre manual Jaeger LeCoultre 818.<br \/>\nJLC 818 is a manual movement from Jaeger-LeCoultre.<br \/>\nJLC 818 es un movimiento manual de Jaeger-LeCoultre.<\/p>\n<p>La producci\u00f3n del Calibre 818 comenz\u00f3 en 1959 para una l\u00ednea de relojes de vestir delgados. Es muy peque\u00f1o, con un di\u00e1metro de 20,9 mm y una altura de 2,94 mm. Es un movimiento de 18.000 vph.<\/p>\n<p>El calibre 818\/4 tiene 18 rub\u00edes, mientras que el calibre 818\/5 tiene 21 rub\u00edes.<\/p>\n<p>Los calibres 818 y 819 fueron utilizados por Chopard y Vacheron Constantin adem\u00e1s de Jaeger-LeCoultre.<\/p>\n","protected":false},"excerpt":{"rendered":"<p>Reloj Jaeger LeCoultre Vintage Solid Gold 18kt con bonito y exclusivo dise\u00f1o revisado y certificado con 6 meses de garant\u00eda.<\/p>\n","protected":false},"featured_media":9695,"comment_status":"closed","ping_status":"closed","template":"","meta":[],"translation":{"provider":"WPGlobus","version":"2.12.2","language":"en","enabled_languages":["es","en"],"languages":{"es":{"title":true,"content":true,"excerpt":true},"en":{"title":false,"content":false,"excerpt":false}}},"_links":{"self":[{"href":"https:\/\/www.dantik.es\/en\/wp-json\/wp\/v2\/product\/9694"}],"collection":[{"href":"https:\/\/www.dantik.es\/en\/wp-json\/wp\/v2\/product"}],"about":[{"href":"https:\/\/www.dantik.es\/en\/wp-json\/wp\/v2\/types\/product"}],"replies":[{"embeddable":true,"href":"https:\/\/www.dantik.es\/en\/wp-json\/wp\/v2\/comments?post=9694"}],"wp:featuredmedia":[{"embeddable":true,"href":"https:\/\/www.dantik.es\/en\/wp-json\/wp\/v2\/media\/9695"}],"wp:attachment":[{"href":"https:\/\/www.dantik.es\/en\/wp-json\/wp\/v2\/media?parent=9694"}],"curies":[{"name":"wp","href":"https:\/\/api.w.org\/{rel}","templated":true}]}}