{"id":9636,"date":"2023-04-12T17:52:46","date_gmt":"2023-04-12T15:52:46","guid":{"rendered":"https:\/\/www.dantik.es\/?post_type=product&#038;p=9636"},"modified":"2023-04-12T19:35:42","modified_gmt":"2023-04-12T17:35:42","slug":"cartier-panthere-quarz-mixto","status":"publish","type":"product","link":"https:\/\/www.dantik.es\/en\/producto\/cartier-panthere-quarz-mixto\/","title":{"rendered":"Cartier Panth\u00e8re Quarz mixto."},"content":{"rendered":"<p>Cartier Panthere, N\u00famero de referencia: 187957 , Tama\u00f1o de la caja\/material: Acero inoxidable de 29mm, Movimiento: Cuarzo, Esfera: Blanca con n\u00fameros romanos, Cristal: Zafiro, Material del brazalete: Acero inoxidable y oro amarillo con cierre, resistente al agua. Este reloj no incluye la caja original ni los papeles. Revisado y certificado por nuestro taller, del que\u00a0 proporcionaremos una factura, tambi\u00e9n una garant\u00eda de 1 a\u00f1o en toda la mano de obra y tasaci\u00f3n para el seguro.<\/p>\n","protected":false},"excerpt":{"rendered":"<p>Reloj Cartier modelo Panthere mixto, Oro y Acero de quartz con caja de 29mm revisado y certificado con 12 meses de garant\u00eda.<\/p>\n","protected":false},"featured_media":9637,"comment_status":"closed","ping_status":"closed","template":"","meta":[],"translation":{"provider":"WPGlobus","version":"2.12.2","language":"en","enabled_languages":["es","en"],"languages":{"es":{"title":true,"content":true,"excerpt":true},"en":{"title":false,"content":false,"excerpt":false}}},"_links":{"self":[{"href":"https:\/\/www.dantik.es\/en\/wp-json\/wp\/v2\/product\/9636"}],"collection":[{"href":"https:\/\/www.dantik.es\/en\/wp-json\/wp\/v2\/product"}],"about":[{"href":"https:\/\/www.dantik.es\/en\/wp-json\/wp\/v2\/types\/product"}],"replies":[{"embeddable":true,"href":"https:\/\/www.dantik.es\/en\/wp-json\/wp\/v2\/comments?post=9636"}],"wp:featuredmedia":[{"embeddable":true,"href":"https:\/\/www.dantik.es\/en\/wp-json\/wp\/v2\/media\/9637"}],"wp:attachment":[{"href":"https:\/\/www.dantik.es\/en\/wp-json\/wp\/v2\/media?parent=9636"}],"curies":[{"name":"wp","href":"https:\/\/api.w.org\/{rel}","templated":true}]}}