{"id":9602,"date":"2023-04-12T12:45:27","date_gmt":"2023-04-12T10:45:27","guid":{"rendered":"https:\/\/www.dantik.es\/?post_type=product&#038;p=9602"},"modified":"2023-04-12T19:34:38","modified_gmt":"2023-04-12T17:34:38","slug":"tag-heuer-prefessional-date-200mt-18kt-solid-gold-2000-serial","status":"publish","type":"product","link":"https:\/\/www.dantik.es\/en\/producto\/tag-heuer-prefessional-date-200mt-18kt-solid-gold-2000-serial\/","title":{"rendered":"TAG Heuer Prefessional date 200mt 18kt Solid Gold 2000 serial."},"content":{"rendered":"<p>TAG HEUER, UN 18ct. RELOJ DE PULSERA CON SEGUNDOS CENTRALES CALENDARIO AUTOMATICO ORO<br \/>\nfirmado Tag Heuer, cron\u00f3metro certificado oficialmente 200 metros.<br \/>\nmovimiento de palanca autom\u00e1tico con segundero y cambio r\u00e1pido de fecha, esfera blanca con marcadores aplicados, ventana de fecha debajo de la lupa, manecillas Mercedes doradas luminosas, segundero central, caja con corona atornillada protegida, tapa atornillada, bisel giratorio, correa de cuero con 18Kt. cierre desplegable de oro con parte del cierre sustituida por otra de oro de 18kt no original Tag Heuer de mayor seguridad y visibilidad, di\u00e1metro 41 mm.<br \/>\nEl movimiento ETA 2892 es autom\u00e1tico desde su concepci\u00f3n, por lo que la parte autom\u00e1tica del movimiento est\u00e1 integrada, no lleva, en este caso un m\u00f3dulo de carga autom\u00e1tica, lo que favorece su delgadez y fiabilidad.<\/p>\n<p>Lo que m\u00e1s destaca del calibre ETA 2892 A2 es, sin lugar a dudas, su delgadez. Si a esto unimos una m\u00e1s que contrastada fiabilidad y un buen rendimiento en cuanto a desviaci\u00f3n y precisi\u00f3n de marcha, no es de extra\u00f1ar que sea uno de los calibres utilizados como base por una buena cantidad de marcas relojeras. La denominaci\u00f3n A2 parte de la mejora que se hizo al rotor y al sistema de carga.<\/p>\n<p>La maquinaria ETA 2892 A2 cuenta con fechador, manteniendo un grosor m\u00ednimo, lo que la hace a\u00fan m\u00e1s atractiva si cabe. La creaci\u00f3n del ETA 2892 parte, como en el caso de otros calibres ETA, de la modificaci\u00f3n de un calibre de Eterna, en este caso modificando el 1466U para obtener un movimiento de 28.800 alternancias\/hora, el est\u00e1ndar en calibres suizos m\u00e1s utilizado, con la frecuencia con la que se obtienen los mejores resultados, generalmente, en la marcha del movimiento.<br \/>\nDi\u00e1metro: 26,2mm (11 \u00bd l\u00edneas)<br \/>\nGrosor: 3,6mm<br \/>\nFrecuencia: 28.800 alternancias\/hora<br \/>\nReserva de marcha: 42 horas aproximadamente<br \/>\n21 rub\u00edes<br \/>\nSistema antichoque incabloc y sistema hack de parada del segundero<\/p>\n","protected":false},"excerpt":{"rendered":"<p>Reloj Tag Heuer modelo Professional 200 calibre autom\u00e1tico ETA 2892 fabricado en Oro amarillo de 18kt serie limitada con n\u00ba2357. Revisado y certificado con 12 meses de Garant\u00eda.<\/p>\n","protected":false},"featured_media":9654,"comment_status":"closed","ping_status":"closed","template":"","meta":[],"translation":{"provider":"WPGlobus","version":"2.12.2","language":"en","enabled_languages":["es","en"],"languages":{"es":{"title":true,"content":true,"excerpt":true},"en":{"title":false,"content":false,"excerpt":false}}},"_links":{"self":[{"href":"https:\/\/www.dantik.es\/en\/wp-json\/wp\/v2\/product\/9602"}],"collection":[{"href":"https:\/\/www.dantik.es\/en\/wp-json\/wp\/v2\/product"}],"about":[{"href":"https:\/\/www.dantik.es\/en\/wp-json\/wp\/v2\/types\/product"}],"replies":[{"embeddable":true,"href":"https:\/\/www.dantik.es\/en\/wp-json\/wp\/v2\/comments?post=9602"}],"wp:featuredmedia":[{"embeddable":true,"href":"https:\/\/www.dantik.es\/en\/wp-json\/wp\/v2\/media\/9654"}],"wp:attachment":[{"href":"https:\/\/www.dantik.es\/en\/wp-json\/wp\/v2\/media?parent=9602"}],"curies":[{"name":"wp","href":"https:\/\/api.w.org\/{rel}","templated":true}]}}