{"id":9563,"date":"2023-04-11T19:48:10","date_gmt":"2023-04-11T17:48:10","guid":{"rendered":"https:\/\/www.dantik.es\/?post_type=product&#038;p=9563"},"modified":"2024-08-12T10:50:13","modified_gmt":"2024-08-12T08:50:13","slug":"rolex-datejust-36mm-16013","status":"publish","type":"product","link":"https:\/\/www.dantik.es\/en\/producto\/rolex-datejust-36mm-16013\/","title":{"rendered":"Rolex Datejust 36mm. 16013"},"content":{"rendered":"<p>Rolex Datejust para caballero en acero inoxidable y oro amarillo de 18 quilates, Ref# 16013. Brazalete Jubilee de acero inoxidable y oro amarillo de 18 quilates con cierre desplegable de acero inoxidable. Bisel estriado de oro amarillo de 18 quilates y cristal acr\u00edlico en relieve. El di\u00e1metro de la caja es de 36 mm. Movimiento autom\u00e1tico con fecha de ajuste r\u00e1pido. Esfera blanca con n\u00fameros romanos pintados de negro. Este reloj data de 1979. En muy buen estado a falta de cambiar la corona que sufre un desgaste notable.<br \/>\nLo que realza a\u00fan m\u00e1s el estatus ic\u00f3nico del 3035 es el hecho de que fue el primer calibre de alta frecuencia que lanz\u00f3 Rolex. Rolex hizo esto aumentando los latidos de 19&amp;nbsp;800 a 28&amp;nbsp;800 BPH, es decir, 8 latidos por segundo, para aumentar la precisi\u00f3n del calibre.El aumento en la frecuencia del movimiento tambi\u00e9n signific\u00f3 una diferencia visible en la forma de una manecilla de segundos que parece m\u00e1s un barrido que un tictac.<\/p>\n<p>Cuando se introdujo el calibre Rolex 3035, tambi\u00e9n se anunci\u00f3 otra primicia para Rolex, ya que fue el primer calibre autom\u00e1tico en presentar una funci\u00f3n de ajuste r\u00e1pido de fecha. Anteriormente, el usuario ten\u00eda que adelantar el tiempo 24 horas para cambiar la fecha, lo que, por supuesto, hace que el ajuste de la fecha lleve bastante tiempo. Pero con la funci\u00f3n de ajuste r\u00e1pido, puede cambiar f\u00e1cilmente la fecha tirando de la corona hasta la posici\u00f3n de ajuste de fecha y cambiando la fecha por separado sin cambiar la hora.<\/p>\n<p>Reloj en buen estado general revisado y pulido a falta de cambiar la corona que sufre desgaste agudo.<br \/>\nCon 6-meses de garant\u00eda y papeles de autenticidad.<\/p>\n","protected":false},"excerpt":{"rendered":"<p>Rolex Oister Perpetual Datejust Vintage en Oro de 18kt y acero con caja de 36mm, revisado y certificado con 6 meses de garant\u00eda.<\/p>\n","protected":false},"featured_media":9564,"comment_status":"closed","ping_status":"closed","template":"","meta":[],"translation":{"provider":"WPGlobus","version":"2.12.2","language":"en","enabled_languages":["es","en"],"languages":{"es":{"title":true,"content":true,"excerpt":true},"en":{"title":false,"content":false,"excerpt":false}}},"_links":{"self":[{"href":"https:\/\/www.dantik.es\/en\/wp-json\/wp\/v2\/product\/9563"}],"collection":[{"href":"https:\/\/www.dantik.es\/en\/wp-json\/wp\/v2\/product"}],"about":[{"href":"https:\/\/www.dantik.es\/en\/wp-json\/wp\/v2\/types\/product"}],"replies":[{"embeddable":true,"href":"https:\/\/www.dantik.es\/en\/wp-json\/wp\/v2\/comments?post=9563"}],"wp:featuredmedia":[{"embeddable":true,"href":"https:\/\/www.dantik.es\/en\/wp-json\/wp\/v2\/media\/9564"}],"wp:attachment":[{"href":"https:\/\/www.dantik.es\/en\/wp-json\/wp\/v2\/media?parent=9563"}],"curies":[{"name":"wp","href":"https:\/\/api.w.org\/{rel}","templated":true}]}}