{"id":8689,"date":"2019-07-05T15:55:02","date_gmt":"2019-07-05T14:55:02","guid":{"rendered":"https:\/\/www.dantik.es\/?post_type=product&#038;p=8689"},"modified":"2021-02-28T18:36:02","modified_gmt":"2021-02-28T17:36:02","slug":"sortija-roseton-en-oro-blanco-y-amarillo-de-18kts-con-brillantes-0-21cts","status":"publish","type":"product","link":"https:\/\/www.dantik.es\/en\/producto\/sortija-roseton-en-oro-blanco-y-amarillo-de-18kts-con-brillantes-0-21cts\/","title":{"rendered":"Sortija Roset\u00f3n en Oro blanco y amarillo de 18kts con Brillantes.0.21cts."},"content":{"rendered":"<p>Sortija Roset\u00f3n tipo lanzadera fabricada en Oro bi-color de 18kts. con pav\u00e9 formado por 19-Diamantes talla Brillante que suman un total a la pieza de 0.21cts.<\/p>\n","protected":false},"excerpt":{"rendered":"<p>Sortija Roset\u00f3n tipo lanzadera fabricada en Oro bi-color de 18kts. con pav\u00e9 formado por 19-Diamantes talla Brillante que suman un total a la pieza de 0.21cts.<\/p>\n","protected":false},"featured_media":8685,"comment_status":"closed","ping_status":"closed","template":"","meta":[],"translation":{"provider":"WPGlobus","version":"2.12.2","language":"en","enabled_languages":["es","en"],"languages":{"es":{"title":true,"content":true,"excerpt":false},"en":{"title":false,"content":false,"excerpt":false}}},"_links":{"self":[{"href":"https:\/\/www.dantik.es\/en\/wp-json\/wp\/v2\/product\/8689"}],"collection":[{"href":"https:\/\/www.dantik.es\/en\/wp-json\/wp\/v2\/product"}],"about":[{"href":"https:\/\/www.dantik.es\/en\/wp-json\/wp\/v2\/types\/product"}],"replies":[{"embeddable":true,"href":"https:\/\/www.dantik.es\/en\/wp-json\/wp\/v2\/comments?post=8689"}],"wp:featuredmedia":[{"embeddable":true,"href":"https:\/\/www.dantik.es\/en\/wp-json\/wp\/v2\/media\/8685"}],"wp:attachment":[{"href":"https:\/\/www.dantik.es\/en\/wp-json\/wp\/v2\/media?parent=8689"}],"curies":[{"name":"wp","href":"https:\/\/api.w.org\/{rel}","templated":true}]}}