{"id":8643,"date":"2019-07-05T15:40:00","date_gmt":"2019-07-05T13:40:00","guid":{"rendered":"https:\/\/www.dantik.es\/?post_type=product&#038;p=8643"},"modified":"2021-09-29T10:14:02","modified_gmt":"2021-09-29T08:14:02","slug":"sortija-roseton-en-oro-blanco-de-18kts-y-brillantes-0-44cts","status":"publish","type":"product","link":"https:\/\/www.dantik.es\/en\/producto\/sortija-roseton-en-oro-blanco-de-18kts-y-brillantes-0-44cts\/","title":{"rendered":"Sortija Roset\u00f3n en Oro Blanco de 18kts. y Brillantes 0.44cts."},"content":{"rendered":"<p>Sortija roset\u00f3n o Media alianza con dise\u00f1o entrelazado, cuajado por 56-brillantes de 0.068cts que suman un total a la pieza de 0.44cts.<\/p>\n","protected":false},"excerpt":{"rendered":"<p>Sortija roset\u00f3n o Media alianza con dise\u00f1o entrelazado, cuajado por 56-brillantes de 0.068cts que suman un total a la pieza de 0.44cts.<\/p>\n","protected":false},"featured_media":8679,"comment_status":"closed","ping_status":"closed","template":"","meta":[],"translation":{"provider":"WPGlobus","version":"2.12.2","language":"en","enabled_languages":["es","en"],"languages":{"es":{"title":true,"content":true,"excerpt":false},"en":{"title":false,"content":false,"excerpt":false}}},"_links":{"self":[{"href":"https:\/\/www.dantik.es\/en\/wp-json\/wp\/v2\/product\/8643"}],"collection":[{"href":"https:\/\/www.dantik.es\/en\/wp-json\/wp\/v2\/product"}],"about":[{"href":"https:\/\/www.dantik.es\/en\/wp-json\/wp\/v2\/types\/product"}],"replies":[{"embeddable":true,"href":"https:\/\/www.dantik.es\/en\/wp-json\/wp\/v2\/comments?post=8643"}],"wp:featuredmedia":[{"embeddable":true,"href":"https:\/\/www.dantik.es\/en\/wp-json\/wp\/v2\/media\/8679"}],"wp:attachment":[{"href":"https:\/\/www.dantik.es\/en\/wp-json\/wp\/v2\/media?parent=8643"}],"curies":[{"name":"wp","href":"https:\/\/api.w.org\/{rel}","templated":true}]}}