{"id":8629,"date":"2019-06-18T19:09:03","date_gmt":"2019-06-18T18:09:03","guid":{"rendered":"https:\/\/www.dantik.es\/?post_type=product&#038;p=8629"},"modified":"2023-05-11T17:56:35","modified_gmt":"2023-05-11T15:56:35","slug":"pendientes-en-oro-blanco-de-18kts-con-pave-de-brillantes-0-64cts","status":"publish","type":"product","link":"https:\/\/www.dantik.es\/en\/producto\/pendientes-en-oro-blanco-de-18kts-con-pave-de-brillantes-0-64cts\/","title":{"rendered":"Pendientes en Oro blanco de 18kts con pav\u00e9 de Brillantes, 0.64cts"},"content":{"rendered":"<p>Pareja de pendientes cuadrados tipo Chat\u00f3n fabricados en Oro blanco de 18kts con Pav\u00e9 de 16-Brillantes en su parte frontal que suman un total de 0.30cts. por pieza que le dan un peso total al conjunto de 0.60cts.<\/p>\n","protected":false},"excerpt":{"rendered":"<p>Pareja de pendientes cuadrados tipo Chat\u00f3n fabricados en Oro blanco de 18kts con Pav\u00e9 de 16-Brillantes en su parte frontal que suman un total de 0.30cts. por pieza que le dan un peso total al conjunto de 0.60cts.<\/p>\n","protected":false},"featured_media":9892,"comment_status":"closed","ping_status":"closed","template":"","meta":[],"translation":{"provider":"WPGlobus","version":"2.12.2","language":"en","enabled_languages":["es","en"],"languages":{"es":{"title":true,"content":true,"excerpt":false},"en":{"title":false,"content":false,"excerpt":false}}},"_links":{"self":[{"href":"https:\/\/www.dantik.es\/en\/wp-json\/wp\/v2\/product\/8629"}],"collection":[{"href":"https:\/\/www.dantik.es\/en\/wp-json\/wp\/v2\/product"}],"about":[{"href":"https:\/\/www.dantik.es\/en\/wp-json\/wp\/v2\/types\/product"}],"replies":[{"embeddable":true,"href":"https:\/\/www.dantik.es\/en\/wp-json\/wp\/v2\/comments?post=8629"}],"wp:featuredmedia":[{"embeddable":true,"href":"https:\/\/www.dantik.es\/en\/wp-json\/wp\/v2\/media\/9892"}],"wp:attachment":[{"href":"https:\/\/www.dantik.es\/en\/wp-json\/wp\/v2\/media?parent=8629"}],"curies":[{"name":"wp","href":"https:\/\/api.w.org\/{rel}","templated":true}]}}