{"id":8269,"date":"2019-05-30T19:11:03","date_gmt":"2019-05-30T17:11:03","guid":{"rendered":"https:\/\/www.dantik.es\/?post_type=product&#038;p=8269"},"modified":"2021-09-29T09:40:50","modified_gmt":"2021-09-29T07:40:50","slug":"sortija-roseton-en-oro-blanco-y-brillantes0-75cts","status":"publish","type":"product","link":"https:\/\/www.dantik.es\/en\/producto\/sortija-roseton-en-oro-blanco-y-brillantes0-75cts\/","title":{"rendered":"Sortija Roset\u00f3n en Oro Blanco de 18kts. y Brillantes,0.75cts."},"content":{"rendered":"<p>Sortija Roset\u00f3n de dise\u00f1o Art-deco fabricada en Oro blanco con forma romboidal en la que destaca un buen diamante central de 0.24cts orlado por otros 16 de 0.032cts que suman 0.51cts m\u00e1s.<\/p>\n","protected":false},"excerpt":{"rendered":"<p>Sortija Roset\u00f3n de dise\u00f1o Art-deco fabricada en Oro blanco con forma romboidal en la que destaca un buen diamante central de 0.24cts orlado por otros 16 de 0.032cts que suman 0.51cts m\u00e1s.<\/p>\n","protected":false},"featured_media":8214,"comment_status":"closed","ping_status":"closed","template":"","meta":[],"translation":{"provider":"WPGlobus","version":"2.12.2","language":"en","enabled_languages":["es","en"],"languages":{"es":{"title":true,"content":true,"excerpt":false},"en":{"title":false,"content":false,"excerpt":false}}},"_links":{"self":[{"href":"https:\/\/www.dantik.es\/en\/wp-json\/wp\/v2\/product\/8269"}],"collection":[{"href":"https:\/\/www.dantik.es\/en\/wp-json\/wp\/v2\/product"}],"about":[{"href":"https:\/\/www.dantik.es\/en\/wp-json\/wp\/v2\/types\/product"}],"replies":[{"embeddable":true,"href":"https:\/\/www.dantik.es\/en\/wp-json\/wp\/v2\/comments?post=8269"}],"wp:featuredmedia":[{"embeddable":true,"href":"https:\/\/www.dantik.es\/en\/wp-json\/wp\/v2\/media\/8214"}],"wp:attachment":[{"href":"https:\/\/www.dantik.es\/en\/wp-json\/wp\/v2\/media?parent=8269"}],"curies":[{"name":"wp","href":"https:\/\/api.w.org\/{rel}","templated":true}]}}