{"id":8268,"date":"2019-05-30T16:43:03","date_gmt":"2019-05-30T15:43:03","guid":{"rendered":"https:\/\/www.dantik.es\/?post_type=product&#038;p=8268"},"modified":"2020-12-01T16:37:21","modified_gmt":"2020-12-01T15:37:21","slug":"sortija-roseton-oro-blanco-y-brillantes-0-56cts","status":"publish","type":"product","link":"https:\/\/www.dantik.es\/en\/producto\/sortija-roseton-oro-blanco-y-brillantes-0-56cts\/","title":{"rendered":"Sortija Roset\u00f3n Oro blanco y Brillantes, 0.56cts"},"content":{"rendered":"<p>Sortija tipo Roset\u00f3n fabricada en Oro Blanco con Brillante central de 0.32cts flanqueado por cuatro m\u00e1s, que suman 0.24cts.<\/p>\n","protected":false},"excerpt":{"rendered":"<p>Sortija tipo Roset\u00f3n fabricada en Oro Blanco con Brillante central de 0.32cts flanqueado por cuatro m\u00e1s, que suman 0.24cts.<\/p>\n","protected":false},"featured_media":8204,"comment_status":"closed","ping_status":"closed","template":"","meta":[],"translation":{"provider":"WPGlobus","version":"2.12.2","language":"en","enabled_languages":["es","en"],"languages":{"es":{"title":true,"content":true,"excerpt":false},"en":{"title":false,"content":false,"excerpt":false}}},"_links":{"self":[{"href":"https:\/\/www.dantik.es\/en\/wp-json\/wp\/v2\/product\/8268"}],"collection":[{"href":"https:\/\/www.dantik.es\/en\/wp-json\/wp\/v2\/product"}],"about":[{"href":"https:\/\/www.dantik.es\/en\/wp-json\/wp\/v2\/types\/product"}],"replies":[{"embeddable":true,"href":"https:\/\/www.dantik.es\/en\/wp-json\/wp\/v2\/comments?post=8268"}],"wp:featuredmedia":[{"embeddable":true,"href":"https:\/\/www.dantik.es\/en\/wp-json\/wp\/v2\/media\/8204"}],"wp:attachment":[{"href":"https:\/\/www.dantik.es\/en\/wp-json\/wp\/v2\/media?parent=8268"}],"curies":[{"name":"wp","href":"https:\/\/api.w.org\/{rel}","templated":true}]}}