{"id":8267,"date":"2019-05-30T16:25:43","date_gmt":"2019-05-30T15:25:43","guid":{"rendered":"https:\/\/www.dantik.es\/?post_type=product&#038;p=8267"},"modified":"2020-12-01T16:37:22","modified_gmt":"2020-12-01T15:37:22","slug":"roseton-oro-amarillo-de-18kts-y-brillantes0-46cts","status":"publish","type":"product","link":"https:\/\/www.dantik.es\/en\/producto\/roseton-oro-amarillo-de-18kts-y-brillantes0-46cts\/","title":{"rendered":"Roset\u00f3n Oro amarillo de 18kts y Brillantes,0.46cts."},"content":{"rendered":"<p>Sortija Roset\u00f3n fabricada en Oro amarillo de 18kts formada por un brillante central de 0.16cts orlado de 12-brillantes de menos tama\u00f1o que suman un total de 0.46cts.<\/p>\n","protected":false},"excerpt":{"rendered":"<p>Sortija Roset\u00f3n fabricada en Oro amarillo de 18kts formada por un brillante central de 0.16cts orlado de 12-brillantes de menos tama\u00f1o que suman un total de 0.46cts.<\/p>\n","protected":false},"featured_media":8179,"comment_status":"closed","ping_status":"closed","template":"","meta":[],"translation":{"provider":"WPGlobus","version":"2.12.2","language":"en","enabled_languages":["es","en"],"languages":{"es":{"title":true,"content":true,"excerpt":false},"en":{"title":false,"content":false,"excerpt":false}}},"_links":{"self":[{"href":"https:\/\/www.dantik.es\/en\/wp-json\/wp\/v2\/product\/8267"}],"collection":[{"href":"https:\/\/www.dantik.es\/en\/wp-json\/wp\/v2\/product"}],"about":[{"href":"https:\/\/www.dantik.es\/en\/wp-json\/wp\/v2\/types\/product"}],"replies":[{"embeddable":true,"href":"https:\/\/www.dantik.es\/en\/wp-json\/wp\/v2\/comments?post=8267"}],"wp:featuredmedia":[{"embeddable":true,"href":"https:\/\/www.dantik.es\/en\/wp-json\/wp\/v2\/media\/8179"}],"wp:attachment":[{"href":"https:\/\/www.dantik.es\/en\/wp-json\/wp\/v2\/media?parent=8267"}],"curies":[{"name":"wp","href":"https:\/\/api.w.org\/{rel}","templated":true}]}}