{"id":8264,"date":"2019-05-30T15:49:33","date_gmt":"2019-05-30T14:49:33","guid":{"rendered":"https:\/\/www.dantik.es\/?post_type=product&#038;p=8264"},"modified":"2023-01-16T12:58:26","modified_gmt":"2023-01-16T11:58:26","slug":"roseton-en-oro-amarillo-de-18kts-con-piedras-y-brillantes-0-093cts","status":"publish","type":"product","link":"https:\/\/www.dantik.es\/en\/producto\/roseton-en-oro-amarillo-de-18kts-con-piedras-y-brillantes-0-093cts\/","title":{"rendered":"Roset\u00f3n en Oro amarillo de 18kts con Piedras y Brillantes, 0.093cts"},"content":{"rendered":"<p>Sortija de dise\u00f1o floral, fabricada en oro amarillo de 18kts con Roset\u00f3n central formado por: Rub\u00ed,Cuarzo,Zafiro y Esmeralda de aprox.0.18cts cada uno y orlados por 31-brillantes con un peso total de 0.093cts.<\/p>\n","protected":false},"excerpt":{"rendered":"<p>Sortija de dise\u00f1o floral, fabricada en oro amarillo de 18kts con Roset\u00f3n central formado por: Rub\u00ed,Cuarzo,Zafiro y Esmeralda de aprox.0.18cts cada uno y orlados por 31-brillantes con un peso total de 0.093cts.<\/p>\n","protected":false},"featured_media":8245,"comment_status":"closed","ping_status":"closed","template":"","meta":[],"translation":{"provider":"WPGlobus","version":"2.12.2","language":"en","enabled_languages":["es","en"],"languages":{"es":{"title":true,"content":true,"excerpt":false},"en":{"title":false,"content":false,"excerpt":false}}},"_links":{"self":[{"href":"https:\/\/www.dantik.es\/en\/wp-json\/wp\/v2\/product\/8264"}],"collection":[{"href":"https:\/\/www.dantik.es\/en\/wp-json\/wp\/v2\/product"}],"about":[{"href":"https:\/\/www.dantik.es\/en\/wp-json\/wp\/v2\/types\/product"}],"replies":[{"embeddable":true,"href":"https:\/\/www.dantik.es\/en\/wp-json\/wp\/v2\/comments?post=8264"}],"wp:featuredmedia":[{"embeddable":true,"href":"https:\/\/www.dantik.es\/en\/wp-json\/wp\/v2\/media\/8245"}],"wp:attachment":[{"href":"https:\/\/www.dantik.es\/en\/wp-json\/wp\/v2\/media?parent=8264"}],"curies":[{"name":"wp","href":"https:\/\/api.w.org\/{rel}","templated":true}]}}