{"id":8161,"date":"2019-05-29T18:08:15","date_gmt":"2019-05-29T16:08:15","guid":{"rendered":"https:\/\/www.dantik.es\/?post_type=product&#038;p=8161"},"modified":"2021-09-29T10:10:19","modified_gmt":"2021-09-29T08:10:19","slug":"sortija-roseton-en-oro-amarillo-de-18kts-esmeralda-y-brillantes0-41cts","status":"publish","type":"product","link":"https:\/\/www.dantik.es\/en\/producto\/sortija-roseton-en-oro-amarillo-de-18kts-esmeralda-y-brillantes0-41cts\/","title":{"rendered":"Sortija Roset\u00f3n en Oro amarillo de 18kts Esmeralda y Brillantes,0.41cts"},"content":{"rendered":"<p>Sortija tipo Roset\u00f3n con pave de brillantes formando un bonito dise\u00f1o floral con una esmeralda central muy limpia\u00a0 de 0.64cts.<\/p>\n","protected":false},"excerpt":{"rendered":"<p>Sortija tipo Roset\u00f3n con pave de brillantes formando un bonito dise\u00f1o floral con una esmeralda central muy limpia\u00a0 de 0.64cts.<\/p>\n","protected":false},"featured_media":8047,"comment_status":"closed","ping_status":"closed","template":"","meta":[],"translation":{"provider":"WPGlobus","version":"2.12.2","language":"en","enabled_languages":["es","en"],"languages":{"es":{"title":true,"content":true,"excerpt":false},"en":{"title":false,"content":false,"excerpt":false}}},"_links":{"self":[{"href":"https:\/\/www.dantik.es\/en\/wp-json\/wp\/v2\/product\/8161"}],"collection":[{"href":"https:\/\/www.dantik.es\/en\/wp-json\/wp\/v2\/product"}],"about":[{"href":"https:\/\/www.dantik.es\/en\/wp-json\/wp\/v2\/types\/product"}],"replies":[{"embeddable":true,"href":"https:\/\/www.dantik.es\/en\/wp-json\/wp\/v2\/comments?post=8161"}],"wp:featuredmedia":[{"embeddable":true,"href":"https:\/\/www.dantik.es\/en\/wp-json\/wp\/v2\/media\/8047"}],"wp:attachment":[{"href":"https:\/\/www.dantik.es\/en\/wp-json\/wp\/v2\/media?parent=8161"}],"curies":[{"name":"wp","href":"https:\/\/api.w.org\/{rel}","templated":true}]}}