{"id":8151,"date":"2019-05-29T17:20:43","date_gmt":"2019-05-29T15:20:43","guid":{"rendered":"https:\/\/www.dantik.es\/?post_type=product&#038;p=8151"},"modified":"2021-10-01T14:41:52","modified_gmt":"2021-10-01T12:41:52","slug":"pendientes-cuadrados-oro-amarillo-y-esmeraldas-5-6cts","status":"publish","type":"product","link":"https:\/\/www.dantik.es\/en\/producto\/pendientes-cuadrados-oro-amarillo-y-esmeraldas-5-6cts\/","title":{"rendered":"Pendientes Cuadrados Oro Amarillo y Esmeraldas, 5.6cts."},"content":{"rendered":"<p>Pendientes tipo Chat\u00f3n con cierre Omega y dise\u00f1o cuadrado fabricados en Oro amarillo de 18kts y dos fant\u00e1sticas Esmeraldas de buen tama\u00f1o y calidad.<\/p>\n","protected":false},"excerpt":{"rendered":"<p>Pendientes tipo Chat\u00f3n con cierre Omega y dise\u00f1o cuadrado fabricados en Oro amarillo de 18kts y dos fant\u00e1sticas Esmeraldas de buen tama\u00f1o y calidad.<\/p>\n","protected":false},"featured_media":0,"comment_status":"closed","ping_status":"closed","template":"","meta":[],"translation":{"provider":"WPGlobus","version":"2.12.2","language":"en","enabled_languages":["es","en"],"languages":{"es":{"title":true,"content":true,"excerpt":false},"en":{"title":false,"content":false,"excerpt":false}}},"_links":{"self":[{"href":"https:\/\/www.dantik.es\/en\/wp-json\/wp\/v2\/product\/8151"}],"collection":[{"href":"https:\/\/www.dantik.es\/en\/wp-json\/wp\/v2\/product"}],"about":[{"href":"https:\/\/www.dantik.es\/en\/wp-json\/wp\/v2\/types\/product"}],"replies":[{"embeddable":true,"href":"https:\/\/www.dantik.es\/en\/wp-json\/wp\/v2\/comments?post=8151"}],"wp:attachment":[{"href":"https:\/\/www.dantik.es\/en\/wp-json\/wp\/v2\/media?parent=8151"}],"curies":[{"name":"wp","href":"https:\/\/api.w.org\/{rel}","templated":true}]}}