{"id":7552,"date":"2019-01-16T00:03:59","date_gmt":"2019-01-15T23:03:59","guid":{"rendered":"https:\/\/www.patrimon.net\/?post_type=product&#038;p=7552"},"modified":"2021-03-03T21:12:30","modified_gmt":"2021-03-03T20:12:30","slug":"pendientes-roseton-en-oro-amarillo-de-18kts-zafiros-y-brillantes-0-02cts","status":"publish","type":"product","link":"https:\/\/www.dantik.es\/en\/producto\/pendientes-roseton-en-oro-amarillo-de-18kts-zafiros-y-brillantes-0-02cts\/","title":{"rendered":"Pendientes Roset\u00f3n,Oro de 18kts Zafiros y Brillantes 0.02cts"},"content":{"rendered":"<p>Cl\u00e1sicos Pendientes con montura en Oro Amarillo de 18kts, y pasador retr\u00e1ctil, que porta Zafiros cuadrados y cabuj\u00f3n, ademas de 4-peque\u00f1os brillantes con un peso total al conjunto de 0.02cts.<\/p>\n","protected":false},"excerpt":{"rendered":"<p>Cl\u00e1sicos Pendientes con montura en Oro Amarillo de 18kts, y pasador retr\u00e1ctil, que porta Zafiros cuadrados y cabuj\u00f3n, ademas de 4-peque\u00f1os brillantes con un peso total al conjunto de 0.02cts.<\/p>\n","protected":false},"featured_media":7542,"comment_status":"open","ping_status":"closed","template":"","meta":[],"translation":{"provider":"WPGlobus","version":"2.12.2","language":"en","enabled_languages":["es","en"],"languages":{"es":{"title":true,"content":true,"excerpt":false},"en":{"title":false,"content":false,"excerpt":false}}},"_links":{"self":[{"href":"https:\/\/www.dantik.es\/en\/wp-json\/wp\/v2\/product\/7552"}],"collection":[{"href":"https:\/\/www.dantik.es\/en\/wp-json\/wp\/v2\/product"}],"about":[{"href":"https:\/\/www.dantik.es\/en\/wp-json\/wp\/v2\/types\/product"}],"replies":[{"embeddable":true,"href":"https:\/\/www.dantik.es\/en\/wp-json\/wp\/v2\/comments?post=7552"}],"wp:featuredmedia":[{"embeddable":true,"href":"https:\/\/www.dantik.es\/en\/wp-json\/wp\/v2\/media\/7542"}],"wp:attachment":[{"href":"https:\/\/www.dantik.es\/en\/wp-json\/wp\/v2\/media?parent=7552"}],"curies":[{"name":"wp","href":"https:\/\/api.w.org\/{rel}","templated":true}]}}