{"id":7490,"date":"2019-01-13T22:39:57","date_gmt":"2019-01-13T21:39:57","guid":{"rendered":"https:\/\/www.patrimon.net\/?post_type=product&#038;p=7490"},"modified":"2021-02-28T18:03:22","modified_gmt":"2021-02-28T17:03:22","slug":"sortija-roseton-art-deco-en-oro-amarillo-de-18kts-con-aguamarina-y-brillantes","status":"publish","type":"product","link":"https:\/\/www.dantik.es\/en\/producto\/sortija-roseton-art-deco-en-oro-amarillo-de-18kts-con-aguamarina-y-brillantes\/","title":{"rendered":"Sortija Roset\u00f3n Art Deco en Oro amarillo de 18kts con Aguamarina y Brillantes."},"content":{"rendered":"<p>Sortija Roset\u00f3n de estilo Art Deco fabricada en Oro amarillo y Platino que porta una bonita Aguamarina de 3.4cts y 4-peque\u00f1os brillantes talla antigua con un peso de 0.016cts.<\/p>\n","protected":false},"excerpt":{"rendered":"<p>Sortija Roset\u00f3n de estilo Art Deco fabricada en Oro amarillo y Platino que porta una bonita Aguamarina de 3.4cts y 4-peque\u00f1os brillantes talla antigua con un peso de 0.016cts.<\/p>\n","protected":false},"featured_media":7331,"comment_status":"open","ping_status":"closed","template":"","meta":[],"translation":{"provider":"WPGlobus","version":"2.12.2","language":"en","enabled_languages":["es","en"],"languages":{"es":{"title":true,"content":true,"excerpt":false},"en":{"title":false,"content":false,"excerpt":false}}},"_links":{"self":[{"href":"https:\/\/www.dantik.es\/en\/wp-json\/wp\/v2\/product\/7490"}],"collection":[{"href":"https:\/\/www.dantik.es\/en\/wp-json\/wp\/v2\/product"}],"about":[{"href":"https:\/\/www.dantik.es\/en\/wp-json\/wp\/v2\/types\/product"}],"replies":[{"embeddable":true,"href":"https:\/\/www.dantik.es\/en\/wp-json\/wp\/v2\/comments?post=7490"}],"wp:featuredmedia":[{"embeddable":true,"href":"https:\/\/www.dantik.es\/en\/wp-json\/wp\/v2\/media\/7331"}],"wp:attachment":[{"href":"https:\/\/www.dantik.es\/en\/wp-json\/wp\/v2\/media?parent=7490"}],"curies":[{"name":"wp","href":"https:\/\/api.w.org\/{rel}","templated":true}]}}