{"id":7392,"date":"2019-01-03T18:45:35","date_gmt":"2019-01-03T17:45:35","guid":{"rendered":"https:\/\/www.patrimon.net\/?post_type=product&#038;p=7392"},"modified":"2020-12-01T16:38:18","modified_gmt":"2020-12-01T15:38:18","slug":"pendientes-roseton-en-oro-blanco-con-brillantes-0-66cts","status":"publish","type":"product","link":"https:\/\/www.dantik.es\/en\/producto\/pendientes-roseton-en-oro-blanco-con-brillantes-0-66cts\/","title":{"rendered":"Pendientes Roset\u00f3n en Oro Blanco de 18kts. con Brillantes, 0.66cts."},"content":{"rendered":"<p>Bonitos Pendientes tipo Roset\u00f3n fabricados en Oro Blanco y 7-Brillantes de distinto tama\u00f1o que le dan un peso total al conjunto de 0.66cts.<\/p>\n","protected":false},"excerpt":{"rendered":"<p>Bonitos Pendientes tipo Roset\u00f3n fabricados en Oro Blanco y 7-Brillantes de distinto tama\u00f1o que le dan un peso total al conjunto de 0.66cts.<\/p>\n","protected":false},"featured_media":0,"comment_status":"open","ping_status":"closed","template":"","meta":[],"translation":{"provider":"WPGlobus","version":"2.12.2","language":"en","enabled_languages":["es","en"],"languages":{"es":{"title":true,"content":true,"excerpt":false},"en":{"title":false,"content":false,"excerpt":false}}},"_links":{"self":[{"href":"https:\/\/www.dantik.es\/en\/wp-json\/wp\/v2\/product\/7392"}],"collection":[{"href":"https:\/\/www.dantik.es\/en\/wp-json\/wp\/v2\/product"}],"about":[{"href":"https:\/\/www.dantik.es\/en\/wp-json\/wp\/v2\/types\/product"}],"replies":[{"embeddable":true,"href":"https:\/\/www.dantik.es\/en\/wp-json\/wp\/v2\/comments?post=7392"}],"wp:attachment":[{"href":"https:\/\/www.dantik.es\/en\/wp-json\/wp\/v2\/media?parent=7392"}],"curies":[{"name":"wp","href":"https:\/\/api.w.org\/{rel}","templated":true}]}}