{"id":6438,"date":"2018-10-23T12:39:22","date_gmt":"2018-10-23T10:39:22","guid":{"rendered":"http:\/\/www.patrimon.net\/?post_type=product&#038;p=6438"},"modified":"2021-09-30T22:18:22","modified_gmt":"2021-09-30T20:18:22","slug":"pulsera-brazalete-con-pave-de-brillantes","status":"publish","type":"product","link":"https:\/\/www.dantik.es\/en\/producto\/pulsera-brazalete-con-pave-de-brillantes\/","title":{"rendered":"Pulsera Brazalete en Oro Blanco 18kts. con Pav\u00e9 de Brillantes."},"content":{"rendered":"<p>Pulsera Brazalete fabricada en Oro Blanco con dise\u00f1o repujado y pav\u00e9 de 187-Diamantes talla Brillante con un peso total de 2.05cts.<\/p>\n","protected":false},"excerpt":{"rendered":"<p>Pulsera Brazalete fabricada en Oro Blanco con dise\u00f1o repujado y pav\u00e9 de 187-Diamantes talla Brillante con un peso total de 2.05cts.<\/p>\n","protected":false},"featured_media":6386,"comment_status":"open","ping_status":"closed","template":"","meta":[],"translation":{"provider":"WPGlobus","version":"2.12.2","language":"en","enabled_languages":["es","en"],"languages":{"es":{"title":true,"content":true,"excerpt":false},"en":{"title":false,"content":false,"excerpt":false}}},"_links":{"self":[{"href":"https:\/\/www.dantik.es\/en\/wp-json\/wp\/v2\/product\/6438"}],"collection":[{"href":"https:\/\/www.dantik.es\/en\/wp-json\/wp\/v2\/product"}],"about":[{"href":"https:\/\/www.dantik.es\/en\/wp-json\/wp\/v2\/types\/product"}],"replies":[{"embeddable":true,"href":"https:\/\/www.dantik.es\/en\/wp-json\/wp\/v2\/comments?post=6438"}],"wp:featuredmedia":[{"embeddable":true,"href":"https:\/\/www.dantik.es\/en\/wp-json\/wp\/v2\/media\/6386"}],"wp:attachment":[{"href":"https:\/\/www.dantik.es\/en\/wp-json\/wp\/v2\/media?parent=6438"}],"curies":[{"name":"wp","href":"https:\/\/api.w.org\/{rel}","templated":true}]}}