{"id":6372,"date":"2018-10-21T20:11:36","date_gmt":"2018-10-21T18:11:36","guid":{"rendered":"http:\/\/www.patrimon.net\/?post_type=product&#038;p=6372"},"modified":"2021-09-29T10:04:39","modified_gmt":"2021-09-29T08:04:39","slug":"sortija-roseton-rubi-y-brillantes-0-33cts","status":"publish","type":"product","link":"https:\/\/www.dantik.es\/en\/producto\/sortija-roseton-rubi-y-brillantes-0-33cts\/","title":{"rendered":"Sortija Roset\u00f3n en Oro Blanco de 18kts Rub\u00ed y Brillantes 0.33cts."},"content":{"rendered":"<p>Sortija Roset\u00f3n de corte moderno con 14-Diamantes talla Brillante que tienen un peso total de 0.33cts y un gran Rub\u00ed central con un peso de 3.5cts.<\/p>\n","protected":false},"excerpt":{"rendered":"<p>Sortija Roset\u00f3n de corte moderno con 14-Diamantes talla Brillante que tienen un peso total de 0.33cts y un gran Rub\u00ed central con un peso de 3.5cts.<\/p>\n","protected":false},"featured_media":6334,"comment_status":"open","ping_status":"closed","template":"","meta":[],"translation":{"provider":"WPGlobus","version":"2.12.2","language":"en","enabled_languages":["es","en"],"languages":{"es":{"title":true,"content":true,"excerpt":false},"en":{"title":false,"content":false,"excerpt":false}}},"_links":{"self":[{"href":"https:\/\/www.dantik.es\/en\/wp-json\/wp\/v2\/product\/6372"}],"collection":[{"href":"https:\/\/www.dantik.es\/en\/wp-json\/wp\/v2\/product"}],"about":[{"href":"https:\/\/www.dantik.es\/en\/wp-json\/wp\/v2\/types\/product"}],"replies":[{"embeddable":true,"href":"https:\/\/www.dantik.es\/en\/wp-json\/wp\/v2\/comments?post=6372"}],"wp:featuredmedia":[{"embeddable":true,"href":"https:\/\/www.dantik.es\/en\/wp-json\/wp\/v2\/media\/6334"}],"wp:attachment":[{"href":"https:\/\/www.dantik.es\/en\/wp-json\/wp\/v2\/media?parent=6372"}],"curies":[{"name":"wp","href":"https:\/\/api.w.org\/{rel}","templated":true}]}}