{"id":3188,"date":"2018-03-01T23:15:32","date_gmt":"2018-03-01T22:15:32","guid":{"rendered":"http:\/\/www.dantik.es\/producto\/media-alianza-44\/"},"modified":"2021-02-28T21:09:32","modified_gmt":"2021-02-28T20:09:32","slug":"media-alianza-44","status":"publish","type":"product","link":"https:\/\/www.dantik.es\/en\/producto\/media-alianza-44\/","title":{"rendered":"Med. Alianza Oro Blanco de 18kts. con Diamantes Coj\u00edn y Brillante 1.40cts."},"content":{"rendered":"<p>Media alianza con montura de oro blanco y Diamantes talla, pav\u00e9, Coj\u00edn y Brillante con un peso total de 1.40cts de muy buena calidad.<\/p>\n","protected":false},"excerpt":{"rendered":"<p>Media alianza con montura de oro blanco y Diamantes talla, pav\u00e9, Coj\u00edn y Brillante con un peso total de 1.40cts de muy buena calidad.<\/p>\n","protected":false},"featured_media":5220,"comment_status":"open","ping_status":"closed","template":"","meta":[],"translation":{"provider":"WPGlobus","version":"2.12.2","language":"en","enabled_languages":["es","en"],"languages":{"es":{"title":true,"content":true,"excerpt":false},"en":{"title":false,"content":false,"excerpt":false}}},"_links":{"self":[{"href":"https:\/\/www.dantik.es\/en\/wp-json\/wp\/v2\/product\/3188"}],"collection":[{"href":"https:\/\/www.dantik.es\/en\/wp-json\/wp\/v2\/product"}],"about":[{"href":"https:\/\/www.dantik.es\/en\/wp-json\/wp\/v2\/types\/product"}],"replies":[{"embeddable":true,"href":"https:\/\/www.dantik.es\/en\/wp-json\/wp\/v2\/comments?post=3188"}],"wp:featuredmedia":[{"embeddable":true,"href":"https:\/\/www.dantik.es\/en\/wp-json\/wp\/v2\/media\/5220"}],"wp:attachment":[{"href":"https:\/\/www.dantik.es\/en\/wp-json\/wp\/v2\/media?parent=3188"}],"curies":[{"name":"wp","href":"https:\/\/api.w.org\/{rel}","templated":true}]}}