{"id":3120,"date":"2018-03-01T23:14:45","date_gmt":"2018-03-01T22:14:45","guid":{"rendered":"http:\/\/www.dantik.es\/producto\/sortija-solitario-38\/"},"modified":"2021-09-26T21:59:59","modified_gmt":"2021-09-26T19:59:59","slug":"sortija-solitario-38","status":"publish","type":"product","link":"https:\/\/www.dantik.es\/en\/producto\/sortija-solitario-38\/","title":{"rendered":"Sortija Roset\u00f3n en Oro Amarillo de 18kts. y Brillantes 0.38cts"},"content":{"rendered":"<p>Sortija Roset\u00f3n con montura de oro amarillo con pav\u00e9 central de 45 brillantes de 0,008 cts que suman un total de 0.38cts.<\/p>\n","protected":false},"excerpt":{"rendered":"<p>Sortija Roset\u00f3n con montura de oro amarillo con pav\u00e9 central de 45 brillantes de 0,008 cts que suman un total de 0.38cts.<\/p>\n","protected":false},"featured_media":5817,"comment_status":"open","ping_status":"closed","template":"","meta":[],"translation":{"provider":"WPGlobus","version":"2.12.2","language":"en","enabled_languages":["es","en"],"languages":{"es":{"title":true,"content":true,"excerpt":false},"en":{"title":false,"content":false,"excerpt":false}}},"_links":{"self":[{"href":"https:\/\/www.dantik.es\/en\/wp-json\/wp\/v2\/product\/3120"}],"collection":[{"href":"https:\/\/www.dantik.es\/en\/wp-json\/wp\/v2\/product"}],"about":[{"href":"https:\/\/www.dantik.es\/en\/wp-json\/wp\/v2\/types\/product"}],"replies":[{"embeddable":true,"href":"https:\/\/www.dantik.es\/en\/wp-json\/wp\/v2\/comments?post=3120"}],"wp:featuredmedia":[{"embeddable":true,"href":"https:\/\/www.dantik.es\/en\/wp-json\/wp\/v2\/media\/5817"}],"wp:attachment":[{"href":"https:\/\/www.dantik.es\/en\/wp-json\/wp\/v2\/media?parent=3120"}],"curies":[{"name":"wp","href":"https:\/\/api.w.org\/{rel}","templated":true}]}}