{"id":3076,"date":"2018-03-01T23:14:12","date_gmt":"2018-03-01T22:14:12","guid":{"rendered":"http:\/\/www.dantik.es\/producto\/pendientes-37\/"},"modified":"2021-02-28T16:57:39","modified_gmt":"2021-02-28T15:57:39","slug":"pendientes-37","status":"publish","type":"product","link":"https:\/\/www.dantik.es\/en\/producto\/pendientes-37\/","title":{"rendered":"Pendientes Roset\u00f3n en Oro blanco de 18kts. con pav\u00e9 de Brillantes 1.5cts."},"content":{"rendered":"<p>Pendientes Rosetones con montura de oro blanco y amarillo con pav\u00e9 de 142-brillantes que suman un total al conjunto de 1,5 cts.<\/p>\n","protected":false},"excerpt":{"rendered":"<p>Pendientes Rosetones con montura de oro blanco y amarillo con pav\u00e9 de 142-brillantes que suman un total al conjunto de 1,5 cts.<\/p>\n","protected":false},"featured_media":4726,"comment_status":"open","ping_status":"closed","template":"","meta":[],"translation":{"provider":"WPGlobus","version":"2.12.2","language":"en","enabled_languages":["es","en"],"languages":{"es":{"title":true,"content":true,"excerpt":false},"en":{"title":false,"content":false,"excerpt":false}}},"_links":{"self":[{"href":"https:\/\/www.dantik.es\/en\/wp-json\/wp\/v2\/product\/3076"}],"collection":[{"href":"https:\/\/www.dantik.es\/en\/wp-json\/wp\/v2\/product"}],"about":[{"href":"https:\/\/www.dantik.es\/en\/wp-json\/wp\/v2\/types\/product"}],"replies":[{"embeddable":true,"href":"https:\/\/www.dantik.es\/en\/wp-json\/wp\/v2\/comments?post=3076"}],"wp:featuredmedia":[{"embeddable":true,"href":"https:\/\/www.dantik.es\/en\/wp-json\/wp\/v2\/media\/4726"}],"wp:attachment":[{"href":"https:\/\/www.dantik.es\/en\/wp-json\/wp\/v2\/media?parent=3076"}],"curies":[{"name":"wp","href":"https:\/\/api.w.org\/{rel}","templated":true}]}}