{"id":3042,"date":"2018-03-01T23:13:40","date_gmt":"2018-03-01T22:13:40","guid":{"rendered":"http:\/\/www.dantik.es\/producto\/pendientes-26\/"},"modified":"2023-06-01T18:46:47","modified_gmt":"2023-06-01T16:46:47","slug":"pendientes-26","status":"publish","type":"product","link":"https:\/\/www.dantik.es\/en\/producto\/pendientes-26\/","title":{"rendered":"Pendientes en Oro Blanco con Brillantes, 1.3cts."},"content":{"rendered":"<p>Pendientes con montura de oro blanco y Diamantes talla Brillante montados a modo de pav\u00e9 con uno de mayor tama\u00f1o anclado en cabuj\u00f3n, con un peso por pieza de 0,67cts. que dan un total al conjunto de 1.34cts.<\/p>\n","protected":false},"excerpt":{"rendered":"<p>Pendientes con montura de oro blanco y Diamantes talla Brillante montados a modo de pav\u00e9 con uno de mayor tama\u00f1o anclado en cabuj\u00f3n, con un peso por pieza de 0,67cts. que dan un total al conjunto de 1.34cts.<\/p>\n","protected":false},"featured_media":9991,"comment_status":"open","ping_status":"closed","template":"","meta":[],"translation":{"provider":"WPGlobus","version":"2.12.2","language":"en","enabled_languages":["es","en"],"languages":{"es":{"title":true,"content":true,"excerpt":false},"en":{"title":false,"content":false,"excerpt":false}}},"_links":{"self":[{"href":"https:\/\/www.dantik.es\/en\/wp-json\/wp\/v2\/product\/3042"}],"collection":[{"href":"https:\/\/www.dantik.es\/en\/wp-json\/wp\/v2\/product"}],"about":[{"href":"https:\/\/www.dantik.es\/en\/wp-json\/wp\/v2\/types\/product"}],"replies":[{"embeddable":true,"href":"https:\/\/www.dantik.es\/en\/wp-json\/wp\/v2\/comments?post=3042"}],"wp:featuredmedia":[{"embeddable":true,"href":"https:\/\/www.dantik.es\/en\/wp-json\/wp\/v2\/media\/9991"}],"wp:attachment":[{"href":"https:\/\/www.dantik.es\/en\/wp-json\/wp\/v2\/media?parent=3042"}],"curies":[{"name":"wp","href":"https:\/\/api.w.org\/{rel}","templated":true}]}}