{"id":2791,"date":"2018-03-01T23:07:22","date_gmt":"2018-03-01T22:07:22","guid":{"rendered":"http:\/\/www.dantik.es\/producto\/roseton-2\/"},"modified":"2021-03-01T20:47:06","modified_gmt":"2021-03-01T19:47:06","slug":"roseton-2","status":"publish","type":"product","link":"https:\/\/www.dantik.es\/en\/producto\/roseton-2\/","title":{"rendered":"Roset\u00f3n en Oro Blanco con Brillantes, 1.060cts."},"content":{"rendered":"<p>Sortija roset\u00f3n con montura de oro blanco y pav\u00e9 de brillantes que suman un total de 1.060 cts.<\/p>\n","protected":false},"excerpt":{"rendered":"<p>Sortija roset\u00f3n con montura de oro blanco y pav\u00e9 de brillantes que suman un total de 1.060 cts.<\/p>\n","protected":false},"featured_media":5165,"comment_status":"open","ping_status":"closed","template":"","meta":[],"translation":{"provider":"WPGlobus","version":"2.12.2","language":"en","enabled_languages":["es","en"],"languages":{"es":{"title":true,"content":true,"excerpt":false},"en":{"title":false,"content":false,"excerpt":false}}},"_links":{"self":[{"href":"https:\/\/www.dantik.es\/en\/wp-json\/wp\/v2\/product\/2791"}],"collection":[{"href":"https:\/\/www.dantik.es\/en\/wp-json\/wp\/v2\/product"}],"about":[{"href":"https:\/\/www.dantik.es\/en\/wp-json\/wp\/v2\/types\/product"}],"replies":[{"embeddable":true,"href":"https:\/\/www.dantik.es\/en\/wp-json\/wp\/v2\/comments?post=2791"}],"wp:featuredmedia":[{"embeddable":true,"href":"https:\/\/www.dantik.es\/en\/wp-json\/wp\/v2\/media\/5165"}],"wp:attachment":[{"href":"https:\/\/www.dantik.es\/en\/wp-json\/wp\/v2\/media?parent=2791"}],"curies":[{"name":"wp","href":"https:\/\/api.w.org\/{rel}","templated":true}]}}