{"id":2756,"date":"2018-03-01T23:06:47","date_gmt":"2018-03-01T22:06:47","guid":{"rendered":"http:\/\/www.dantik.es\/producto\/sortija\/"},"modified":"2020-10-27T20:15:55","modified_gmt":"2020-10-27T19:15:55","slug":"sortija","status":"publish","type":"product","link":"https:\/\/www.dantik.es\/en\/producto\/sortija\/","title":{"rendered":"Roset\u00f3n en Oro Blanco y Brillantes 0.21cts."},"content":{"rendered":"<p>Sortija Roset\u00f3n de original dise\u00f1o formado por 5 Diamantes talla brillantes que suman un total de 0,21 cts.<\/p>\n","protected":false},"excerpt":{"rendered":"<p>Sortija Roset\u00f3n de original dise\u00f1o formado por 5 Diamantes talla brillantes que suman un total de 0,21 cts.<\/p>\n","protected":false},"featured_media":5868,"comment_status":"open","ping_status":"closed","template":"","meta":[],"translation":{"provider":"WPGlobus","version":"2.12.2","language":"en","enabled_languages":["es","en"],"languages":{"es":{"title":true,"content":true,"excerpt":false},"en":{"title":false,"content":false,"excerpt":false}}},"_links":{"self":[{"href":"https:\/\/www.dantik.es\/en\/wp-json\/wp\/v2\/product\/2756"}],"collection":[{"href":"https:\/\/www.dantik.es\/en\/wp-json\/wp\/v2\/product"}],"about":[{"href":"https:\/\/www.dantik.es\/en\/wp-json\/wp\/v2\/types\/product"}],"replies":[{"embeddable":true,"href":"https:\/\/www.dantik.es\/en\/wp-json\/wp\/v2\/comments?post=2756"}],"wp:featuredmedia":[{"embeddable":true,"href":"https:\/\/www.dantik.es\/en\/wp-json\/wp\/v2\/media\/5868"}],"wp:attachment":[{"href":"https:\/\/www.dantik.es\/en\/wp-json\/wp\/v2\/media?parent=2756"}],"curies":[{"name":"wp","href":"https:\/\/api.w.org\/{rel}","templated":true}]}}