{"id":2653,"date":"2018-03-01T23:05:45","date_gmt":"2018-03-01T22:05:45","guid":{"rendered":"http:\/\/www.dantik.es\/producto\/roseton\/"},"modified":"2020-10-27T20:16:05","modified_gmt":"2020-10-27T19:16:05","slug":"roseton","status":"publish","type":"product","link":"https:\/\/www.dantik.es\/en\/producto\/roseton\/","title":{"rendered":"Roset\u00f3n Oro Blanco y Brillantes 0.86cts"},"content":{"rendered":"<p>Sortija roset\u00f3n con montura en oro blanco y dos brillantes centrales de 0,17 ct.m\u00e1s 23 brillantes laterales que suman un total de 0,86 cts.<\/p>\n","protected":false},"excerpt":{"rendered":"<p>Sortija roset\u00f3n con montura en oro blanco y dos brillantes centrales de 0,17 ct.m\u00e1s 23 brillantes laterales que suman un total de 0,86 cts.<\/p>\n","protected":false},"featured_media":5681,"comment_status":"open","ping_status":"closed","template":"","meta":[],"translation":{"provider":"WPGlobus","version":"2.12.2","language":"en","enabled_languages":["es","en"],"languages":{"es":{"title":true,"content":true,"excerpt":false},"en":{"title":false,"content":false,"excerpt":false}}},"_links":{"self":[{"href":"https:\/\/www.dantik.es\/en\/wp-json\/wp\/v2\/product\/2653"}],"collection":[{"href":"https:\/\/www.dantik.es\/en\/wp-json\/wp\/v2\/product"}],"about":[{"href":"https:\/\/www.dantik.es\/en\/wp-json\/wp\/v2\/types\/product"}],"replies":[{"embeddable":true,"href":"https:\/\/www.dantik.es\/en\/wp-json\/wp\/v2\/comments?post=2653"}],"wp:featuredmedia":[{"embeddable":true,"href":"https:\/\/www.dantik.es\/en\/wp-json\/wp\/v2\/media\/5681"}],"wp:attachment":[{"href":"https:\/\/www.dantik.es\/en\/wp-json\/wp\/v2\/media?parent=2653"}],"curies":[{"name":"wp","href":"https:\/\/api.w.org\/{rel}","templated":true}]}}