{"id":2560,"date":"2018-03-01T23:05:07","date_gmt":"2018-03-01T22:05:07","guid":{"rendered":"http:\/\/www.dantik.es\/producto\/sortija-roseton-4\/"},"modified":"2020-10-27T20:16:11","modified_gmt":"2020-10-27T19:16:11","slug":"sortija-roseton-4","status":"publish","type":"product","link":"https:\/\/www.dantik.es\/en\/producto\/sortija-roseton-4\/","title":{"rendered":"Sortija Roset\u00f3n en Oro Blanco de 18kts, con Brillantes, 0.89cts."},"content":{"rendered":"<p>Sortija roset\u00f3n con montura de oro blanco y Diamantes talla Brillante con el central de 0,35 cts que a su vez esta orlado por pav\u00e9 de brillantes de distinta medida que dan un total de 0.89cts.<\/p>\n","protected":false},"excerpt":{"rendered":"<p>Sortija roset\u00f3n con montura de oro blanco y Diamantes talla Brillante con el central de 0,35 cts que a su vez esta orlado por pav\u00e9 de brillantes de distinta medida que dan un total de 0.89cts.<\/p>\n","protected":false},"featured_media":5150,"comment_status":"open","ping_status":"closed","template":"","meta":[],"translation":{"provider":"WPGlobus","version":"2.12.2","language":"en","enabled_languages":["es","en"],"languages":{"es":{"title":true,"content":true,"excerpt":false},"en":{"title":false,"content":false,"excerpt":false}}},"_links":{"self":[{"href":"https:\/\/www.dantik.es\/en\/wp-json\/wp\/v2\/product\/2560"}],"collection":[{"href":"https:\/\/www.dantik.es\/en\/wp-json\/wp\/v2\/product"}],"about":[{"href":"https:\/\/www.dantik.es\/en\/wp-json\/wp\/v2\/types\/product"}],"replies":[{"embeddable":true,"href":"https:\/\/www.dantik.es\/en\/wp-json\/wp\/v2\/comments?post=2560"}],"wp:featuredmedia":[{"embeddable":true,"href":"https:\/\/www.dantik.es\/en\/wp-json\/wp\/v2\/media\/5150"}],"wp:attachment":[{"href":"https:\/\/www.dantik.es\/en\/wp-json\/wp\/v2\/media?parent=2560"}],"curies":[{"name":"wp","href":"https:\/\/api.w.org\/{rel}","templated":true}]}}