{"id":12226,"date":"2025-08-14T12:31:17","date_gmt":"2025-08-14T10:31:17","guid":{"rendered":"https:\/\/www.dantik.es\/?post_type=product&#038;p=12226"},"modified":"2025-08-14T12:31:18","modified_gmt":"2025-08-14T10:31:18","slug":"anillo-estilo-tu-y-yo-en-oro-amarillo-de-18k-con-diamantes-en-talla-brillante-con-un-total-de-016-cts","status":"publish","type":"product","link":"https:\/\/www.dantik.es\/en\/producto\/anillo-estilo-tu-y-yo-en-oro-amarillo-de-18k-con-diamantes-en-talla-brillante-con-un-total-de-016-cts\/","title":{"rendered":"Anillo estilo tu y yo en oro amarillo de 18k con diamantes en talla brillante con un total de 0,16 cts"},"content":{"rendered":"<p>Elegante anillo estilo &#8216;T\u00fa y Yo&#8217; en oro amarillo de 18 quilates, realzado con dos diamantes que simbolizan la uni\u00f3n perfecta. Un dise\u00f1o rom\u00e1ntico y atemporal, ideal para ocasiones especiales.<\/p>\n","protected":false},"excerpt":{"rendered":"<p>Elegante anillo estilo &#8216;T\u00fa y Yo&#8217; en oro amarillo de 18 quilates, realzado con dos diamantes que simbolizan la uni\u00f3n perfecta. Un dise\u00f1o rom\u00e1ntico y atemporal, ideal para ocasiones especiales.<\/p>\n","protected":false},"featured_media":12204,"comment_status":"closed","ping_status":"closed","template":"","meta":[],"translation":{"provider":"WPGlobus","version":"2.12.2","language":"en","enabled_languages":["es","en"],"languages":{"es":{"title":true,"content":true,"excerpt":false},"en":{"title":false,"content":false,"excerpt":false}}},"_links":{"self":[{"href":"https:\/\/www.dantik.es\/en\/wp-json\/wp\/v2\/product\/12226"}],"collection":[{"href":"https:\/\/www.dantik.es\/en\/wp-json\/wp\/v2\/product"}],"about":[{"href":"https:\/\/www.dantik.es\/en\/wp-json\/wp\/v2\/types\/product"}],"replies":[{"embeddable":true,"href":"https:\/\/www.dantik.es\/en\/wp-json\/wp\/v2\/comments?post=12226"}],"wp:featuredmedia":[{"embeddable":true,"href":"https:\/\/www.dantik.es\/en\/wp-json\/wp\/v2\/media\/12204"}],"wp:attachment":[{"href":"https:\/\/www.dantik.es\/en\/wp-json\/wp\/v2\/media?parent=12226"}],"curies":[{"name":"wp","href":"https:\/\/api.w.org\/{rel}","templated":true}]}}