{"id":12224,"date":"2025-08-14T12:11:00","date_gmt":"2025-08-14T10:11:00","guid":{"rendered":"https:\/\/www.dantik.es\/?post_type=product&#038;p=12224"},"modified":"2025-08-14T12:11:01","modified_gmt":"2025-08-14T10:11:01","slug":"media-alianza-en-oro-amarillo-de-18k-con-14diamantes-en-talla-baguette-y-diamante-central-en-talla-oval-con-un-total-de-095-cts","status":"publish","type":"product","link":"https:\/\/www.dantik.es\/en\/producto\/media-alianza-en-oro-amarillo-de-18k-con-14diamantes-en-talla-baguette-y-diamante-central-en-talla-oval-con-un-total-de-095-cts\/","title":{"rendered":"Media Alianza en oro amarillo de 18k con 14diamantes en talla baguette y diamante central en talla oval con un total de 0,95 cts"},"content":{"rendered":"<p>Delicada media alianza en oro amarillo de 18 quilates, engastada con brillantes diamantes que aportan un destello sutil y elegante. Un dise\u00f1o cl\u00e1sico y atemporal, perfecto para celebrar el amor o complementar cualquier look con sofisticaci\u00f3n.<\/p>\n","protected":false},"excerpt":{"rendered":"<p>Delicada media alianza en oro amarillo de 18 quilates, engastada con brillantes diamantes que aportan un destello sutil y elegante. Un dise\u00f1o cl\u00e1sico y atemporal, perfecto para celebrar el amor o complementar cualquier look con sofisticaci\u00f3n.<\/p>\n","protected":false},"featured_media":12192,"comment_status":"closed","ping_status":"closed","template":"","meta":[],"translation":{"provider":"WPGlobus","version":"2.12.2","language":"en","enabled_languages":["es","en"],"languages":{"es":{"title":true,"content":true,"excerpt":false},"en":{"title":false,"content":false,"excerpt":false}}},"_links":{"self":[{"href":"https:\/\/www.dantik.es\/en\/wp-json\/wp\/v2\/product\/12224"}],"collection":[{"href":"https:\/\/www.dantik.es\/en\/wp-json\/wp\/v2\/product"}],"about":[{"href":"https:\/\/www.dantik.es\/en\/wp-json\/wp\/v2\/types\/product"}],"replies":[{"embeddable":true,"href":"https:\/\/www.dantik.es\/en\/wp-json\/wp\/v2\/comments?post=12224"}],"wp:featuredmedia":[{"embeddable":true,"href":"https:\/\/www.dantik.es\/en\/wp-json\/wp\/v2\/media\/12192"}],"wp:attachment":[{"href":"https:\/\/www.dantik.es\/en\/wp-json\/wp\/v2\/media?parent=12224"}],"curies":[{"name":"wp","href":"https:\/\/api.w.org\/{rel}","templated":true}]}}