{"id":12169,"date":"2025-08-12T12:48:08","date_gmt":"2025-08-12T10:48:08","guid":{"rendered":"https:\/\/www.dantik.es\/?post_type=product&#038;p=12169"},"modified":"2025-08-12T12:48:09","modified_gmt":"2025-08-12T10:48:09","slug":"sortija-roseton-en-oro-blanco-de-18k-con-13-diamantes-en-talla-brillante-y-pera-con-un-total-de-14-cts","status":"publish","type":"product","link":"https:\/\/www.dantik.es\/en\/producto\/sortija-roseton-en-oro-blanco-de-18k-con-13-diamantes-en-talla-brillante-y-pera-con-un-total-de-14-cts\/","title":{"rendered":"Sortija Roset\u00f3n en oro blanco de 18k con 13 diamantes en talla brillante y pera con un total de 1,4 cts"},"content":{"rendered":"<p>Sortija roset\u00f3n en oro blanco de 18k con diamantes, de estilo cl\u00e1sico y femenino, destaca por su dise\u00f1o floral y su luminoso brillo central.<\/p>\n","protected":false},"excerpt":{"rendered":"<p>Sortija roset\u00f3n en oro blanco de 18k con diamantes, de estilo cl\u00e1sico y femenino, destaca por su dise\u00f1o floral y su luminoso brillo central.<\/p>\n","protected":false},"featured_media":12160,"comment_status":"closed","ping_status":"closed","template":"","meta":[],"translation":{"provider":"WPGlobus","version":"2.12.2","language":"en","enabled_languages":["es","en"],"languages":{"es":{"title":true,"content":true,"excerpt":false},"en":{"title":false,"content":false,"excerpt":false}}},"_links":{"self":[{"href":"https:\/\/www.dantik.es\/en\/wp-json\/wp\/v2\/product\/12169"}],"collection":[{"href":"https:\/\/www.dantik.es\/en\/wp-json\/wp\/v2\/product"}],"about":[{"href":"https:\/\/www.dantik.es\/en\/wp-json\/wp\/v2\/types\/product"}],"replies":[{"embeddable":true,"href":"https:\/\/www.dantik.es\/en\/wp-json\/wp\/v2\/comments?post=12169"}],"wp:featuredmedia":[{"embeddable":true,"href":"https:\/\/www.dantik.es\/en\/wp-json\/wp\/v2\/media\/12160"}],"wp:attachment":[{"href":"https:\/\/www.dantik.es\/en\/wp-json\/wp\/v2\/media?parent=12169"}],"curies":[{"name":"wp","href":"https:\/\/api.w.org\/{rel}","templated":true}]}}