{"id":12093,"date":"2025-08-05T10:59:42","date_gmt":"2025-08-05T08:59:42","guid":{"rendered":"https:\/\/www.dantik.es\/?post_type=product&#038;p=12093"},"modified":"2025-08-05T10:59:43","modified_gmt":"2025-08-05T08:59:43","slug":"sortija-roseton-en-oro-amarillo-de18k-con-42-diamantes-en-talla-brillante-con-un-total-de-168-cts-6-rubies-en-talla-oval-con-un-total-de-15-cts-6-esmeraldas-en-talla-oval-con-un-total-de-15-cts-y","status":"publish","type":"product","link":"https:\/\/www.dantik.es\/en\/producto\/sortija-roseton-en-oro-amarillo-de18k-con-42-diamantes-en-talla-brillante-con-un-total-de-168-cts-6-rubies-en-talla-oval-con-un-total-de-15-cts-6-esmeraldas-en-talla-oval-con-un-total-de-15-cts-y\/","title":{"rendered":"Sortija Roset\u00f3n en oro amarillo de18k con 42 diamantes en talla brillante con un total de 1,68 cts, 6 rub\u00edes en talla oval con un total de 1,5 cts, 6 esmeraldas en talla oval con un total de 1,5 cts y un zafiro central en talla oval con un tota de 1,5 cts"},"content":{"rendered":"<p>Sortija roset\u00f3n con zafiro central, rodeado de diamantes, esmeraldas y rub\u00edes. Elegancia y color en una joya \u00fanica.<\/p>\n","protected":false},"excerpt":{"rendered":"<p>Sortija roset\u00f3n con zafiro central, rodeado de diamantes, esmeraldas y rub\u00edes. Elegancia y color en una joya \u00fanica.<\/p>\n","protected":false},"featured_media":12080,"comment_status":"closed","ping_status":"closed","template":"","meta":[],"translation":{"provider":"WPGlobus","version":"2.12.2","language":"en","enabled_languages":["es","en"],"languages":{"es":{"title":true,"content":true,"excerpt":false},"en":{"title":false,"content":false,"excerpt":false}}},"_links":{"self":[{"href":"https:\/\/www.dantik.es\/en\/wp-json\/wp\/v2\/product\/12093"}],"collection":[{"href":"https:\/\/www.dantik.es\/en\/wp-json\/wp\/v2\/product"}],"about":[{"href":"https:\/\/www.dantik.es\/en\/wp-json\/wp\/v2\/types\/product"}],"replies":[{"embeddable":true,"href":"https:\/\/www.dantik.es\/en\/wp-json\/wp\/v2\/comments?post=12093"}],"wp:featuredmedia":[{"embeddable":true,"href":"https:\/\/www.dantik.es\/en\/wp-json\/wp\/v2\/media\/12080"}],"wp:attachment":[{"href":"https:\/\/www.dantik.es\/en\/wp-json\/wp\/v2\/media?parent=12093"}],"curies":[{"name":"wp","href":"https:\/\/api.w.org\/{rel}","templated":true}]}}