{"id":12089,"date":"2025-07-30T13:39:10","date_gmt":"2025-07-30T11:39:10","guid":{"rendered":"https:\/\/www.dantik.es\/?post_type=product&#038;p=12089"},"modified":"2025-07-30T13:39:11","modified_gmt":"2025-07-30T11:39:11","slug":"sortija-roseton-en-oro-amarillo-de-18k-y-plata-con-dos-diamantes-en-talla-antigua-con-un-total-de-020-cts-y-29-esmeraldas-en-talla-brillante-y-radiante-con-un-total-de-32-cts-un-total-de","status":"publish","type":"product","link":"https:\/\/www.dantik.es\/en\/producto\/sortija-roseton-en-oro-amarillo-de-18k-y-plata-con-dos-diamantes-en-talla-antigua-con-un-total-de-020-cts-y-29-esmeraldas-en-talla-brillante-y-radiante-con-un-total-de-32-cts-un-total-de\/","title":{"rendered":"Sortija Roset\u00f3n en oro amarillo de 18k y plata, con dos diamantes en talla antigua con un total de 0,20 cts y 29 esmeraldas en talla brillante y radiante con un total de 3,2 cts un total de"},"content":{"rendered":"<p>Sortija roset\u00f3n en oro amarillo de 18k y plata, adornada con diamantes y esmeraldas. Dise\u00f1o cl\u00e1sico y refinado.<\/p>\n","protected":false},"excerpt":{"rendered":"<p>Sortija roset\u00f3n en oro amarillo de 18k y plata, adornada con diamantes y esmeraldas. Dise\u00f1o cl\u00e1sico y refinado.<\/p>\n","protected":false},"featured_media":12077,"comment_status":"closed","ping_status":"closed","template":"","meta":[],"translation":{"provider":"WPGlobus","version":"2.12.2","language":"en","enabled_languages":["es","en"],"languages":{"es":{"title":true,"content":true,"excerpt":false},"en":{"title":false,"content":false,"excerpt":false}}},"_links":{"self":[{"href":"https:\/\/www.dantik.es\/en\/wp-json\/wp\/v2\/product\/12089"}],"collection":[{"href":"https:\/\/www.dantik.es\/en\/wp-json\/wp\/v2\/product"}],"about":[{"href":"https:\/\/www.dantik.es\/en\/wp-json\/wp\/v2\/types\/product"}],"replies":[{"embeddable":true,"href":"https:\/\/www.dantik.es\/en\/wp-json\/wp\/v2\/comments?post=12089"}],"wp:featuredmedia":[{"embeddable":true,"href":"https:\/\/www.dantik.es\/en\/wp-json\/wp\/v2\/media\/12077"}],"wp:attachment":[{"href":"https:\/\/www.dantik.es\/en\/wp-json\/wp\/v2\/media?parent=12089"}],"curies":[{"name":"wp","href":"https:\/\/api.w.org\/{rel}","templated":true}]}}