{"id":12010,"date":"2025-07-23T10:45:26","date_gmt":"2025-07-23T08:45:26","guid":{"rendered":"https:\/\/www.dantik.es\/?post_type=product&#038;p=12010"},"modified":"2025-07-23T10:45:27","modified_gmt":"2025-07-23T08:45:27","slug":"media-alianza-en-oro-blanco-de-18k-con-5-diamantes-en-talla-brillante-con-un-total-de-05-cts","status":"publish","type":"product","link":"https:\/\/www.dantik.es\/en\/producto\/media-alianza-en-oro-blanco-de-18k-con-5-diamantes-en-talla-brillante-con-un-total-de-05-cts\/","title":{"rendered":"Media Alianza en oro blanco de 18k con 5 diamantes en talla brillante con un total de 0,5 cts"},"content":{"rendered":"<p>Media alianza en oro blanco de 18k engastada con diamantes. Un dise\u00f1o cl\u00e1sico y refinado que aporta brillo y elegancia a cualquier ocasi\u00f3n.<\/p>\n","protected":false},"excerpt":{"rendered":"<p>Media alianza en oro blanco de 18k engastada con diamantes. Un dise\u00f1o cl\u00e1sico y refinado que aporta brillo y elegancia a cualquier ocasi\u00f3n.<\/p>\n","protected":false},"featured_media":11992,"comment_status":"closed","ping_status":"closed","template":"","meta":[],"translation":{"provider":"WPGlobus","version":"2.12.2","language":"en","enabled_languages":["es","en"],"languages":{"es":{"title":true,"content":true,"excerpt":false},"en":{"title":false,"content":false,"excerpt":false}}},"_links":{"self":[{"href":"https:\/\/www.dantik.es\/en\/wp-json\/wp\/v2\/product\/12010"}],"collection":[{"href":"https:\/\/www.dantik.es\/en\/wp-json\/wp\/v2\/product"}],"about":[{"href":"https:\/\/www.dantik.es\/en\/wp-json\/wp\/v2\/types\/product"}],"replies":[{"embeddable":true,"href":"https:\/\/www.dantik.es\/en\/wp-json\/wp\/v2\/comments?post=12010"}],"wp:featuredmedia":[{"embeddable":true,"href":"https:\/\/www.dantik.es\/en\/wp-json\/wp\/v2\/media\/11992"}],"wp:attachment":[{"href":"https:\/\/www.dantik.es\/en\/wp-json\/wp\/v2\/media?parent=12010"}],"curies":[{"name":"wp","href":"https:\/\/api.w.org\/{rel}","templated":true}]}}