{"id":11906,"date":"2025-07-21T12:31:01","date_gmt":"2025-07-21T10:31:01","guid":{"rendered":"https:\/\/www.dantik.es\/?post_type=product&#038;p=11906"},"modified":"2025-07-21T12:31:02","modified_gmt":"2025-07-21T10:31:02","slug":"sortija-roseton-en-plata-vermeil-y-con-diamantes-nenufar","status":"publish","type":"product","link":"https:\/\/www.dantik.es\/en\/producto\/sortija-roseton-en-plata-vermeil-y-con-diamantes-nenufar\/","title":{"rendered":"Sortija Roset\u00f3n en plata vermeil y con diamantes nenufar"},"content":{"rendered":"<p>Anillo grande de plata vermeil inspirado en la forma org\u00e1nica del nen\u00fafar, realzado con delicados diamantes que aportan brillo y sofisticaci\u00f3n. Una pieza audaz y art\u00edstica que combina naturaleza y elegancia contempor\u00e1nea.<\/p>\n","protected":false},"excerpt":{"rendered":"<p>Anillo grande de plata vermeil inspirado en la forma org\u00e1nica del nen\u00fafar, realzado con delicados diamantes que aportan brillo y sofisticaci\u00f3n. Una pieza audaz y art\u00edstica que combina naturaleza y elegancia contempor\u00e1nea.<\/p>\n","protected":false},"featured_media":11902,"comment_status":"closed","ping_status":"closed","template":"","meta":[],"translation":{"provider":"WPGlobus","version":"2.12.2","language":"en","enabled_languages":["es","en"],"languages":{"es":{"title":true,"content":true,"excerpt":false},"en":{"title":false,"content":false,"excerpt":false}}},"_links":{"self":[{"href":"https:\/\/www.dantik.es\/en\/wp-json\/wp\/v2\/product\/11906"}],"collection":[{"href":"https:\/\/www.dantik.es\/en\/wp-json\/wp\/v2\/product"}],"about":[{"href":"https:\/\/www.dantik.es\/en\/wp-json\/wp\/v2\/types\/product"}],"replies":[{"embeddable":true,"href":"https:\/\/www.dantik.es\/en\/wp-json\/wp\/v2\/comments?post=11906"}],"wp:featuredmedia":[{"embeddable":true,"href":"https:\/\/www.dantik.es\/en\/wp-json\/wp\/v2\/media\/11902"}],"wp:attachment":[{"href":"https:\/\/www.dantik.es\/en\/wp-json\/wp\/v2\/media?parent=11906"}],"curies":[{"name":"wp","href":"https:\/\/api.w.org\/{rel}","templated":true}]}}