{"id":11894,"date":"2025-07-21T11:46:11","date_gmt":"2025-07-21T09:46:11","guid":{"rendered":"https:\/\/www.dantik.es\/?post_type=product&#038;p=11894"},"modified":"2025-07-21T11:46:12","modified_gmt":"2025-07-21T09:46:12","slug":"pulsera-rigida-en-oro-blanco-de-18k-con-170-diamantes-en-talla-brillante-y-baguette-con-un-total-de-17-cts","status":"publish","type":"product","link":"https:\/\/www.dantik.es\/en\/producto\/pulsera-rigida-en-oro-blanco-de-18k-con-170-diamantes-en-talla-brillante-y-baguette-con-un-total-de-17-cts\/","title":{"rendered":"Pulsera r\u00edgida en oro blanco de 18k con 170 diamantes en talla brillante y baguette con un total de 1,7 cts"},"content":{"rendered":"<p>Pulsera r\u00edgida en oro blanco, elegantemente engastada con diamantes que aportan un brillo sutil y sofisticado. Un dise\u00f1o moderno y atemporal, perfecto para realzar cualquier look con un toque de distinci\u00f3n.<\/p>\n","protected":false},"excerpt":{"rendered":"<p>Pulsera r\u00edgida en oro blanco, elegantemente engastada con diamantes que aportan un brillo sutil y sofisticado. Un dise\u00f1o moderno y atemporal, perfecto para realzar cualquier look con un toque de distinci\u00f3n.<\/p>\n","protected":false},"featured_media":11886,"comment_status":"closed","ping_status":"closed","template":"","meta":[],"translation":{"provider":"WPGlobus","version":"2.12.2","language":"en","enabled_languages":["es","en"],"languages":{"es":{"title":true,"content":true,"excerpt":false},"en":{"title":false,"content":false,"excerpt":false}}},"_links":{"self":[{"href":"https:\/\/www.dantik.es\/en\/wp-json\/wp\/v2\/product\/11894"}],"collection":[{"href":"https:\/\/www.dantik.es\/en\/wp-json\/wp\/v2\/product"}],"about":[{"href":"https:\/\/www.dantik.es\/en\/wp-json\/wp\/v2\/types\/product"}],"replies":[{"embeddable":true,"href":"https:\/\/www.dantik.es\/en\/wp-json\/wp\/v2\/comments?post=11894"}],"wp:featuredmedia":[{"embeddable":true,"href":"https:\/\/www.dantik.es\/en\/wp-json\/wp\/v2\/media\/11886"}],"wp:attachment":[{"href":"https:\/\/www.dantik.es\/en\/wp-json\/wp\/v2\/media?parent=11894"}],"curies":[{"name":"wp","href":"https:\/\/api.w.org\/{rel}","templated":true}]}}