{"id":11885,"date":"2025-07-21T11:36:59","date_gmt":"2025-07-21T09:36:59","guid":{"rendered":"https:\/\/www.dantik.es\/?post_type=product&#038;p=11885"},"modified":"2025-07-21T11:37:00","modified_gmt":"2025-07-21T09:37:00","slug":"colgante-en-forma-de-angel-en-oro-amarillo-de-18k-con-395-diamantes-en-talla-brillante-con-un-total-de-6-cts","status":"publish","type":"product","link":"https:\/\/www.dantik.es\/en\/producto\/colgante-en-forma-de-angel-en-oro-amarillo-de-18k-con-395-diamantes-en-talla-brillante-con-un-total-de-6-cts\/","title":{"rendered":"Colgante en forma de \u00e1ngel en oro amarillo de 18k con 395 diamantes en talla brillante con un total de 6 cts"},"content":{"rendered":"<p>Claro, aqu\u00ed tienes una breve descripci\u00f3n:<\/p>\n<p><strong>Descripci\u00f3n:<\/strong><br \/>\nColgante en forma de \u00e1ngel realizado en oro amarillo de 18k, delicadamente decorado con diamantes que aportan brillo y sofisticaci\u00f3n. Una pieza simb\u00f3lica y elegante, ideal para regalar o llevar como amuleto protector.<\/p>\n","protected":false},"excerpt":{"rendered":"<p>Claro, aqu\u00ed tienes una breve descripci\u00f3n: Descripci\u00f3n: Colgante en forma de \u00e1ngel realizado en oro amarillo de 18k, delicadamente decorado con diamantes que aportan brillo y sofisticaci\u00f3n. Una pieza simb\u00f3lica y elegante, ideal para regalar o llevar como amuleto protector.<\/p>\n","protected":false},"featured_media":11878,"comment_status":"closed","ping_status":"closed","template":"","meta":[],"translation":{"provider":"WPGlobus","version":"2.12.2","language":"en","enabled_languages":["es","en"],"languages":{"es":{"title":true,"content":true,"excerpt":false},"en":{"title":false,"content":false,"excerpt":false}}},"_links":{"self":[{"href":"https:\/\/www.dantik.es\/en\/wp-json\/wp\/v2\/product\/11885"}],"collection":[{"href":"https:\/\/www.dantik.es\/en\/wp-json\/wp\/v2\/product"}],"about":[{"href":"https:\/\/www.dantik.es\/en\/wp-json\/wp\/v2\/types\/product"}],"replies":[{"embeddable":true,"href":"https:\/\/www.dantik.es\/en\/wp-json\/wp\/v2\/comments?post=11885"}],"wp:featuredmedia":[{"embeddable":true,"href":"https:\/\/www.dantik.es\/en\/wp-json\/wp\/v2\/media\/11878"}],"wp:attachment":[{"href":"https:\/\/www.dantik.es\/en\/wp-json\/wp\/v2\/media?parent=11885"}],"curies":[{"name":"wp","href":"https:\/\/api.w.org\/{rel}","templated":true}]}}