{"id":11884,"date":"2025-07-21T11:10:04","date_gmt":"2025-07-21T09:10:04","guid":{"rendered":"https:\/\/www.dantik.es\/?post_type=product&#038;p=11884"},"modified":"2025-07-21T11:10:05","modified_gmt":"2025-07-21T09:10:05","slug":"pendientes-en-oro-amarillo-de-18k-con-8-diamantes-en-talla-antigua-con-un-total-de-16-cts","status":"publish","type":"product","link":"https:\/\/www.dantik.es\/en\/producto\/pendientes-en-oro-amarillo-de-18k-con-8-diamantes-en-talla-antigua-con-un-total-de-16-cts\/","title":{"rendered":"Pendientes en oro amarillo de 18k con 8 diamantes en talla antigua con un total de 1,6 cts"},"content":{"rendered":"<p>Pendientes en oro amarillo, realzados con diamantes en talla antigua que aportan un encanto vintage y una elegancia atemporal. Una joya cl\u00e1sica con car\u00e1cter y distinci\u00f3n.<\/p>\n","protected":false},"excerpt":{"rendered":"<p>Pendientes en oro amarillo, realzados con diamantes en talla antigua que aportan un encanto vintage y una elegancia atemporal. Una joya cl\u00e1sica con car\u00e1cter y distinci\u00f3n.<\/p>\n","protected":false},"featured_media":11874,"comment_status":"closed","ping_status":"closed","template":"","meta":[],"translation":{"provider":"WPGlobus","version":"2.12.2","language":"en","enabled_languages":["es","en"],"languages":{"es":{"title":true,"content":true,"excerpt":false},"en":{"title":false,"content":false,"excerpt":false}}},"_links":{"self":[{"href":"https:\/\/www.dantik.es\/en\/wp-json\/wp\/v2\/product\/11884"}],"collection":[{"href":"https:\/\/www.dantik.es\/en\/wp-json\/wp\/v2\/product"}],"about":[{"href":"https:\/\/www.dantik.es\/en\/wp-json\/wp\/v2\/types\/product"}],"replies":[{"embeddable":true,"href":"https:\/\/www.dantik.es\/en\/wp-json\/wp\/v2\/comments?post=11884"}],"wp:featuredmedia":[{"embeddable":true,"href":"https:\/\/www.dantik.es\/en\/wp-json\/wp\/v2\/media\/11874"}],"wp:attachment":[{"href":"https:\/\/www.dantik.es\/en\/wp-json\/wp\/v2\/media?parent=11884"}],"curies":[{"name":"wp","href":"https:\/\/api.w.org\/{rel}","templated":true}]}}