{"id":11869,"date":"2025-07-21T10:31:16","date_gmt":"2025-07-21T08:31:16","guid":{"rendered":"https:\/\/www.dantik.es\/?post_type=product&#038;p=11869"},"modified":"2025-07-21T10:32:22","modified_gmt":"2025-07-21T08:32:22","slug":"cruz-en-oro-amarillo-de-18k-con-4-diamantes-en-talla-brillante-con-un-total-de-020-cts-4-rubies-en-talla-baguette-con-un-total-de-3-cts-y-3-zafiros-en-talla-oval-con-un-total-de-15-cts","status":"publish","type":"product","link":"https:\/\/www.dantik.es\/en\/producto\/cruz-en-oro-amarillo-de-18k-con-4-diamantes-en-talla-brillante-con-un-total-de-020-cts-4-rubies-en-talla-baguette-con-un-total-de-3-cts-y-3-zafiros-en-talla-oval-con-un-total-de-15-cts\/","title":{"rendered":"Cruz en oro amarillo de 18k con 4 diamantes en talla brillante con un total de 0,20 cts, 4 rub\u00edes en talla baguette con un total de 3 cts y 3 zafiros en talla oval con un total de 1,5 cts"},"content":{"rendered":"<p>Elegante cruz elaborada en oro amarillo de 18 quilates, finamente engastada con diamantes brillantes, rub\u00edes intensos y zafiros vibrantes. Una pieza cl\u00e1sica y refinada que combina lujo y simbolismo con un dise\u00f1o atemporal.<\/p>\n","protected":false},"excerpt":{"rendered":"<p>Elegante cruz elaborada en oro amarillo de 18 quilates, finamente engastada con diamantes brillantes, rub\u00edes intensos y zafiros vibrantes. Una pieza cl\u00e1sica y refinada que combina lujo y simbolismo con un dise\u00f1o atemporal.<\/p>\n","protected":false},"featured_media":11871,"comment_status":"closed","ping_status":"closed","template":"","meta":[],"translation":{"provider":"WPGlobus","version":"2.12.2","language":"en","enabled_languages":["es","en"],"languages":{"es":{"title":true,"content":true,"excerpt":false},"en":{"title":false,"content":false,"excerpt":false}}},"_links":{"self":[{"href":"https:\/\/www.dantik.es\/en\/wp-json\/wp\/v2\/product\/11869"}],"collection":[{"href":"https:\/\/www.dantik.es\/en\/wp-json\/wp\/v2\/product"}],"about":[{"href":"https:\/\/www.dantik.es\/en\/wp-json\/wp\/v2\/types\/product"}],"replies":[{"embeddable":true,"href":"https:\/\/www.dantik.es\/en\/wp-json\/wp\/v2\/comments?post=11869"}],"wp:featuredmedia":[{"embeddable":true,"href":"https:\/\/www.dantik.es\/en\/wp-json\/wp\/v2\/media\/11871"}],"wp:attachment":[{"href":"https:\/\/www.dantik.es\/en\/wp-json\/wp\/v2\/media?parent=11869"}],"curies":[{"name":"wp","href":"https:\/\/api.w.org\/{rel}","templated":true}]}}