{"id":11850,"date":"2025-07-18T11:20:06","date_gmt":"2025-07-18T09:20:06","guid":{"rendered":"https:\/\/www.dantik.es\/?post_type=product&#038;p=11850"},"modified":"2025-07-18T11:20:07","modified_gmt":"2025-07-18T09:20:07","slug":"pendientes-colgantes-en-oro-amarillo-de-18k-con-30-diamantes-en-talla-antigua-con-un-total-de-24-cts-y-10-rubies-en-talla-antigua-con-un-total-de-08-cts","status":"publish","type":"product","link":"https:\/\/www.dantik.es\/en\/producto\/pendientes-colgantes-en-oro-amarillo-de-18k-con-30-diamantes-en-talla-antigua-con-un-total-de-24-cts-y-10-rubies-en-talla-antigua-con-un-total-de-08-cts\/","title":{"rendered":"Pendientes colgantes en oro amarillo de 18k con 30 diamantes en talla antigua con un total de 2,4 cts y 10 rub\u00edes en talla antigua con un total de 0,8 cts"},"content":{"rendered":"<p>Pendientes colgantes en oro amarillo, engastados con diamantes y rub\u00edes. Un dise\u00f1o elegante y vibrante que combina el brillo del diamante con el intenso color rojo del rub\u00ed, resaltado por la calidez del oro. Perfectos para ocasiones especiales.<\/p>\n","protected":false},"excerpt":{"rendered":"<p>Pendientes colgantes en oro amarillo, engastados con diamantes y rub\u00edes. Un dise\u00f1o elegante y vibrante que combina el brillo del diamante con el intenso color rojo del rub\u00ed, resaltado por la calidez del oro. Perfectos para ocasiones especiales.<\/p>\n","protected":false},"featured_media":11851,"comment_status":"closed","ping_status":"closed","template":"","meta":[],"translation":{"provider":"WPGlobus","version":"2.12.2","language":"en","enabled_languages":["es","en"],"languages":{"es":{"title":true,"content":true,"excerpt":false},"en":{"title":false,"content":false,"excerpt":false}}},"_links":{"self":[{"href":"https:\/\/www.dantik.es\/en\/wp-json\/wp\/v2\/product\/11850"}],"collection":[{"href":"https:\/\/www.dantik.es\/en\/wp-json\/wp\/v2\/product"}],"about":[{"href":"https:\/\/www.dantik.es\/en\/wp-json\/wp\/v2\/types\/product"}],"replies":[{"embeddable":true,"href":"https:\/\/www.dantik.es\/en\/wp-json\/wp\/v2\/comments?post=11850"}],"wp:featuredmedia":[{"embeddable":true,"href":"https:\/\/www.dantik.es\/en\/wp-json\/wp\/v2\/media\/11851"}],"wp:attachment":[{"href":"https:\/\/www.dantik.es\/en\/wp-json\/wp\/v2\/media?parent=11850"}],"curies":[{"name":"wp","href":"https:\/\/api.w.org\/{rel}","templated":true}]}}