{"id":11819,"date":"2025-07-17T11:43:47","date_gmt":"2025-07-17T09:43:47","guid":{"rendered":"https:\/\/www.dantik.es\/?post_type=product&#038;p=11819"},"modified":"2025-07-17T11:43:48","modified_gmt":"2025-07-17T09:43:48","slug":"pendientes-dormilonas-en-oro-blanco-de-18k-con-2-diamantes-sinteticos-en-talla-ascher-con-un-total-de-35-cts","status":"publish","type":"product","link":"https:\/\/www.dantik.es\/en\/producto\/pendientes-dormilonas-en-oro-blanco-de-18k-con-2-diamantes-sinteticos-en-talla-ascher-con-un-total-de-35-cts\/","title":{"rendered":"Pendientes dormilonas en oro blanco de 18k con 2 diamantes sint\u00e9ticos en talla ascher con un total de 3,5 cts"},"content":{"rendered":"<p>Pendientes en oro blanco, engastados con diamantes sint\u00e9ticos. Un dise\u00f1o moderno y refinado que ofrece el brillo del diamante con una opci\u00f3n sostenible, realzado por el acabado luminoso del oro blanco. Ideales para uso diario o eventos especiales.<\/p>\n","protected":false},"excerpt":{"rendered":"<p>Pendientes en oro blanco, engastados con diamantes sint\u00e9ticos. Un dise\u00f1o moderno y refinado que ofrece el brillo del diamante con una opci\u00f3n sostenible, realzado por el acabado luminoso del oro blanco. Ideales para uso diario o eventos especiales.<\/p>\n","protected":false},"featured_media":11820,"comment_status":"closed","ping_status":"closed","template":"","meta":[],"translation":{"provider":"WPGlobus","version":"2.12.2","language":"en","enabled_languages":["es","en"],"languages":{"es":{"title":true,"content":true,"excerpt":false},"en":{"title":false,"content":false,"excerpt":false}}},"_links":{"self":[{"href":"https:\/\/www.dantik.es\/en\/wp-json\/wp\/v2\/product\/11819"}],"collection":[{"href":"https:\/\/www.dantik.es\/en\/wp-json\/wp\/v2\/product"}],"about":[{"href":"https:\/\/www.dantik.es\/en\/wp-json\/wp\/v2\/types\/product"}],"replies":[{"embeddable":true,"href":"https:\/\/www.dantik.es\/en\/wp-json\/wp\/v2\/comments?post=11819"}],"wp:featuredmedia":[{"embeddable":true,"href":"https:\/\/www.dantik.es\/en\/wp-json\/wp\/v2\/media\/11820"}],"wp:attachment":[{"href":"https:\/\/www.dantik.es\/en\/wp-json\/wp\/v2\/media?parent=11819"}],"curies":[{"name":"wp","href":"https:\/\/api.w.org\/{rel}","templated":true}]}}