{"id":11787,"date":"2025-07-16T13:38:01","date_gmt":"2025-07-16T11:38:01","guid":{"rendered":"https:\/\/www.dantik.es\/?post_type=product&#038;p=11787"},"modified":"2025-07-16T13:38:02","modified_gmt":"2025-07-16T11:38:02","slug":"media-alianza-en-oro-blanco-de-18k-con-11-diamantes-en-talla-brillante-con-un-total-de-022-cts-y-11-rubies-en-talla-brillante-con-un-total-de-022-cts","status":"publish","type":"product","link":"https:\/\/www.dantik.es\/en\/producto\/media-alianza-en-oro-blanco-de-18k-con-11-diamantes-en-talla-brillante-con-un-total-de-022-cts-y-11-rubies-en-talla-brillante-con-un-total-de-022-cts\/","title":{"rendered":"Media Alianza en oro blanco de 18k con 11 diamantes en talla brillante con un total de 0,22 cts y 11 rub\u00edes en talla brillante con un total de 0,22 cts"},"content":{"rendered":"<p>Media alianza en oro blanco, engastada con diamantes y rub\u00edes alternados. Un dise\u00f1o elegante y equilibrado que combina el brillo del diamante con la intensidad del rub\u00ed, realzado por el acabado luminoso del oro blanco. Perfecta como anillo de celebraci\u00f3n o aniversario.<\/p>\n","protected":false},"excerpt":{"rendered":"<p>Media alianza en oro blanco, engastada con diamantes y rub\u00edes alternados. Un dise\u00f1o elegante y equilibrado que combina el brillo del diamante con la intensidad del rub\u00ed, realzado por el acabado luminoso del oro blanco. Perfecta como anillo de celebraci\u00f3n o aniversario.<\/p>\n","protected":false},"featured_media":11788,"comment_status":"closed","ping_status":"closed","template":"","meta":[],"translation":{"provider":"WPGlobus","version":"2.12.2","language":"en","enabled_languages":["es","en"],"languages":{"es":{"title":true,"content":true,"excerpt":false},"en":{"title":false,"content":false,"excerpt":false}}},"_links":{"self":[{"href":"https:\/\/www.dantik.es\/en\/wp-json\/wp\/v2\/product\/11787"}],"collection":[{"href":"https:\/\/www.dantik.es\/en\/wp-json\/wp\/v2\/product"}],"about":[{"href":"https:\/\/www.dantik.es\/en\/wp-json\/wp\/v2\/types\/product"}],"replies":[{"embeddable":true,"href":"https:\/\/www.dantik.es\/en\/wp-json\/wp\/v2\/comments?post=11787"}],"wp:featuredmedia":[{"embeddable":true,"href":"https:\/\/www.dantik.es\/en\/wp-json\/wp\/v2\/media\/11788"}],"wp:attachment":[{"href":"https:\/\/www.dantik.es\/en\/wp-json\/wp\/v2\/media?parent=11787"}],"curies":[{"name":"wp","href":"https:\/\/api.w.org\/{rel}","templated":true}]}}