{"id":11772,"date":"2025-07-15T10:59:15","date_gmt":"2025-07-15T08:59:15","guid":{"rendered":"https:\/\/www.dantik.es\/?post_type=product&#038;p=11772"},"modified":"2025-07-15T10:59:16","modified_gmt":"2025-07-15T08:59:16","slug":"sortija-roseton-de-oro-amarillo-de-18k-con-42-diamantes-en-talla-brillante-con-un-total-de-042-cts-y-30-rubies-en-talla-brillante-con-un-total-de-15-cts","status":"publish","type":"product","link":"https:\/\/www.dantik.es\/en\/producto\/sortija-roseton-de-oro-amarillo-de-18k-con-42-diamantes-en-talla-brillante-con-un-total-de-042-cts-y-30-rubies-en-talla-brillante-con-un-total-de-15-cts\/","title":{"rendered":"Sortija Roset\u00f3n de oro amarillo de 18k con 42 diamantes en talla brillante con un total de 0,42 cts y 30 rub\u00edes en talla brillante con un total de 1,5 cts"},"content":{"rendered":"<p>Sortija tipo roset\u00f3n elaborada en oro amarillo, con dise\u00f1o cl\u00e1sico y elegante. Destacan los brillantes diamantes rodeados por un halo de rub\u00edes naturales de intenso color rojo, formando un efecto floral. Las piedras est\u00e1n engastadas con precisi\u00f3n, resaltando el contraste entre el brillo del diamante y la calidez de los rub\u00edes y el oro amarillo. Ideal para ocasiones especiales o como joya de declaraci\u00f3n.<\/p>\n","protected":false},"excerpt":{"rendered":"<p>Sortija tipo roset\u00f3n elaborada en oro amarillo, con dise\u00f1o cl\u00e1sico y elegante. Destacan los brillantes diamantes rodeados por un halo de rub\u00edes naturales de intenso color rojo, formando un efecto floral. Las piedras est\u00e1n engastadas con precisi\u00f3n, resaltando el contraste entre el brillo del diamante y la calidez de los rub\u00edes y el oro amarillo. Ideal para ocasiones especiales o&hellip;<\/p>\n","protected":false},"featured_media":11757,"comment_status":"closed","ping_status":"closed","template":"","meta":[],"translation":{"provider":"WPGlobus","version":"2.12.2","language":"en","enabled_languages":["es","en"],"languages":{"es":{"title":true,"content":true,"excerpt":false},"en":{"title":false,"content":false,"excerpt":false}}},"_links":{"self":[{"href":"https:\/\/www.dantik.es\/en\/wp-json\/wp\/v2\/product\/11772"}],"collection":[{"href":"https:\/\/www.dantik.es\/en\/wp-json\/wp\/v2\/product"}],"about":[{"href":"https:\/\/www.dantik.es\/en\/wp-json\/wp\/v2\/types\/product"}],"replies":[{"embeddable":true,"href":"https:\/\/www.dantik.es\/en\/wp-json\/wp\/v2\/comments?post=11772"}],"wp:featuredmedia":[{"embeddable":true,"href":"https:\/\/www.dantik.es\/en\/wp-json\/wp\/v2\/media\/11757"}],"wp:attachment":[{"href":"https:\/\/www.dantik.es\/en\/wp-json\/wp\/v2\/media?parent=11772"}],"curies":[{"name":"wp","href":"https:\/\/api.w.org\/{rel}","templated":true}]}}