{"id":11664,"date":"2025-06-25T18:00:08","date_gmt":"2025-06-25T16:00:08","guid":{"rendered":"https:\/\/www.dantik.es\/?post_type=product&#038;p=11664"},"modified":"2025-06-25T18:00:09","modified_gmt":"2025-06-25T16:00:09","slug":"sortija-roseton-en-oro-amarillo-de-18k-con-6-diamantes-en-talla-brillante-con-un-total-de-035-cts","status":"publish","type":"product","link":"https:\/\/www.dantik.es\/en\/producto\/sortija-roseton-en-oro-amarillo-de-18k-con-6-diamantes-en-talla-brillante-con-un-total-de-035-cts\/","title":{"rendered":"Sortija Roset\u00f3n en oro amarillo de 18k con 6 diamantes en talla brillante con un total de 0,35 cts"},"content":{"rendered":"<p>Sortija roset\u00f3n en oro amarillo de 18k, con dise\u00f1o cl\u00e1sico y atemporal. Su forma floral aporta elegancia y sofisticaci\u00f3n, ideal para realzar la belleza de la piedra central.<\/p>\n","protected":false},"excerpt":{"rendered":"<p>Sortija roset\u00f3n en oro amarillo de 18k, con dise\u00f1o cl\u00e1sico y atemporal. Su forma floral aporta elegancia y sofisticaci\u00f3n, ideal para realzar la belleza de la piedra central.<\/p>\n","protected":false},"featured_media":11648,"comment_status":"closed","ping_status":"closed","template":"","meta":[],"translation":{"provider":"WPGlobus","version":"2.12.2","language":"en","enabled_languages":["es","en"],"languages":{"es":{"title":true,"content":true,"excerpt":false},"en":{"title":false,"content":false,"excerpt":false}}},"_links":{"self":[{"href":"https:\/\/www.dantik.es\/en\/wp-json\/wp\/v2\/product\/11664"}],"collection":[{"href":"https:\/\/www.dantik.es\/en\/wp-json\/wp\/v2\/product"}],"about":[{"href":"https:\/\/www.dantik.es\/en\/wp-json\/wp\/v2\/types\/product"}],"replies":[{"embeddable":true,"href":"https:\/\/www.dantik.es\/en\/wp-json\/wp\/v2\/comments?post=11664"}],"wp:featuredmedia":[{"embeddable":true,"href":"https:\/\/www.dantik.es\/en\/wp-json\/wp\/v2\/media\/11648"}],"wp:attachment":[{"href":"https:\/\/www.dantik.es\/en\/wp-json\/wp\/v2\/media?parent=11664"}],"curies":[{"name":"wp","href":"https:\/\/api.w.org\/{rel}","templated":true}]}}